{"id":39892,"date":"2026-05-05T07:31:55","date_gmt":"2026-05-05T05:31:55","guid":{"rendered":"https:\/\/www.mykoplan.ch\/?post_type=product&#038;p=39892"},"modified":"2026-05-05T08:50:28","modified_gmt":"2026-05-05T06:50:28","slug":"sirop-pour-enfants-extrait-liquide-double-extraction-forte","status":"publish","type":"product","link":"https:\/\/www.mykoplan.ch\/fr\/shop\/extraits-liquides-biologiques\/sirop-pour-enfants-extrait-liquide-double-extraction-forte\/","title":{"rendered":"Sirop pour enfants extrait liquide double extraction \u00ab\u00a0Forte\u00a0\u00bb"},"content":{"rendered":"<p><span lang=\"de-DE\"><span lang=\"fr-CH\">Le sirop pour enfants, extrait liquide bio double extraction \u00ab Forte \u00bb, est un compl\u00e9ment alimentaire innovant qui soutient la sant\u00e9 des enfants et des adolescents. Gr\u00e2ce \u00e0 sa forme liquide et \u00e0 son go\u00fbt agr\u00e9able, sa prise est \u00ab un jeu d\u2019enfant \u00bb.<\/span><\/span><\/p>\n<p><span lang=\"de-DE\"><span lang=\"fr-CH\">D\u00e9couvrez les avantages du sirop biologique pour enfants. Votre compagnon naturel pour des enfants forts et en bonne sant\u00e9.<\/span><\/span><\/p>\n<p><span lang=\"de-DE\"><span lang=\"fr-CH\">Bienvenue dans le monde des champignons vitaux, qui peuvent contribuer naturellement \u00e0 la sant\u00e9 et au bien-\u00eatre de vos enfants\u00a0! Le Reishi bio, le Shiitake bio et l\u2019Hericium bio sont des champignons vitaux en m\u00e9lange d\u2019extraits liquides aux propri\u00e9t\u00e9s impressionnantes, destin\u00e9s \u00e0 am\u00e9liorer la sant\u00e9 de vos enfants.<\/span><\/span><\/p>\n<p><span lang=\"de-DE\"><span lang=\"fr-CH\">La voie vers le bien-\u00eatre<\/span><\/span><\/p>\n<p><span lang=\"de-DE\"><span lang=\"fr-CH\">Le Reishi bio, le Shiitake bio et le Hericium bio sous forme d\u2019extrait liquide et de sirop pour enfants, constituent un moyen facile \u00e0 prendre et savoureux pour soutenir la sant\u00e9 de vos enfants. Que ce soit pour stimuler l\u2019immunit\u00e9, les performances intellectuelles ou la sant\u00e9 en g\u00e9n\u00e9ral, ce sirop est une solution douce et efficace pour la sant\u00e9 de vos enfants.<\/span><\/span><\/p>\n<p><span lang=\"de-DE\"><span lang=\"fr-CH\">Restez en bonne sant\u00e9 et plein d\u2019\u00e9nergie\u00a0! Pour plus d\u2019informations sur les ingr\u00e9dients du sirop pour enfants, extrait liquide bio double extraction \u00ab Forte \u00bb, consultez les \u00e9tudes scientifiques suivantes\u00a0:<\/span><\/span><\/p>\n<p><a href=\"https:\/\/www.mykoplan.ch\/wp-content\/uploads\/2023\/11\/Anti-Aging-Ganoderma-lucidum.pdf\"><span lang=\"en-GB\">Emerging Roles of Ganoderma Lucidum in Anti-Aging (aginganddisease.org) (PDF 2MB)<\/span><\/a><\/p>\n<p><a href=\"https:\/\/www.mykoplan.ch\/wp-content\/uploads\/2023\/11\/Gano-and-Protectiv.pdf\"><span lang=\"en-GB\">Antioxidant, antibacterial, antitumor, antifungal, antiviral, anti-inflammatory, and nevro-protective activity of Ganoderma lucidum: An overview<\/span><\/a><\/p>\n<p><a href=\"https:\/\/www.mykoplan.ch\/wp-content\/uploads\/2023\/11\/Ganoderma-and-Health.pdf\"><span lang=\"en-GB\">Ganoderma and Health \u2013 Pharmacology and Clinical Application<\/span><\/a><\/p>\n<p><a href=\"https:\/\/www.mykoplan.ch\/wp-content\/uploads\/2023\/11\/Ganoderma.pdf\"><span lang=\"en-GB\">Health-Promoting of Polysaccharides Extracted from Ganoderma lucidum<\/span><\/a><\/p>\n<p><span lang=\"en-GB\"><a href=\"https:\/\/pubmed.ncbi.nlm.nih.gov\/24266378\/\" rel=\"noopener\">https:\/\/pubmed.ncbi.nlm.nih.gov\/24266378\/<\/a><br \/>\n<a href=\"https:\/\/pubmed.ncbi.nlm.nih.gov\/31413233\/\" rel=\"noopener\">https:\/\/pubmed.ncbi.nlm.nih.gov\/31413233\/<\/a><\/span><\/p>\n<p><a href=\"https:\/\/pmc.ncbi.nlm.nih.gov\/articles\/PMC6302894\/pdf\/main.pdf\" rel=\"noopener\"><span lang=\"en-GB\">Lentinulaedodes: Anassessmentof invitroanti-atherosclerotic bio-functionality<\/span><\/a><\/p>\n<p><a href=\"https:\/\/pmc.ncbi.nlm.nih.gov\/articles\/PMC5997629\/pdf\/41598_2018_Article_27318.pdf\" rel=\"noopener\"><span lang=\"en-GB\">Comparative transcriptome analysis of dikaryotic mycelia and mature fruiting bodies in the edible mushroom Lentinula edodes<\/span><\/a><\/p>\n<p><a href=\"https:\/\/www.mykoplan.ch\/wp-content\/uploads\/2023\/11\/Vitamin-C.pdf\"><span lang=\"en-GB\">Vitamin C pharmacokinetics in healthy volunteers: Evidence for a recommended dietary allowance (PDF 1MB)<\/span><\/a><\/p>\n","protected":false},"excerpt":{"rendered":"<p><span lang=\"de-DE\"><span lang=\"fr-CH\">Compl\u00e9ment alimentaire avec extrait de Ganoderma lucidum bio, extrait de Hericium erinaceus bio, extrait de Lentinula edodes, vitamine C de poudre d\u2019ac\u00e9rola bio et vanille bio. <\/span><\/span><span lang=\"de-DE\"><span lang=\"fr-CH\">Extrait liquide double extraction \u00ab\u00a0Forte\u00a0\u00bb sans alcool<\/span><\/span><\/p>\n<p><span lang=\"de-DE\"><span lang=\"fr-CH\">Contenu : 100 ml<br \/>\n<\/span><\/span><i style=\"font-size: inherit;\">Produit suffisant pour 20 jours<\/i><\/p>\n","protected":false},"author":240,"featured_media":40095,"comment_status":"open","ping_status":"closed","template":"","meta":{"_coblocks_attr":"","_coblocks_dimensions":"","_coblocks_responsive_height":"","_coblocks_accordion_ie_support":""},"product_brand":[],"product_cat":[105],"product_tag":[],"class_list":{"0":"post-39892","1":"product","2":"type-product","3":"status-publish","4":"has-post-thumbnail","6":"product_cat-extraits-liquides-biologiques","7":"sales-flash-overlay","8":"woocommerce-text-align-center","9":"woocommerce-image-align-center","10":"do-quantity-buttons","12":"first","13":"instock","14":"sale","15":"taxable","16":"shipping-taxable","17":"purchasable","18":"product-type-simple"},"_links":{"self":[{"href":"https:\/\/www.mykoplan.ch\/fr\/wp-json\/wp\/v2\/product\/39892","targetHints":{"allow":["GET"]}}],"collection":[{"href":"https:\/\/www.mykoplan.ch\/fr\/wp-json\/wp\/v2\/product"}],"about":[{"href":"https:\/\/www.mykoplan.ch\/fr\/wp-json\/wp\/v2\/types\/product"}],"author":[{"embeddable":true,"href":"https:\/\/www.mykoplan.ch\/fr\/wp-json\/wp\/v2\/users\/240"}],"replies":[{"embeddable":true,"href":"https:\/\/www.mykoplan.ch\/fr\/wp-json\/wp\/v2\/comments?post=39892"}],"wp:featuredmedia":[{"embeddable":true,"href":"https:\/\/www.mykoplan.ch\/fr\/wp-json\/wp\/v2\/media\/40095"}],"wp:attachment":[{"href":"https:\/\/www.mykoplan.ch\/fr\/wp-json\/wp\/v2\/media?parent=39892"}],"wp:term":[{"taxonomy":"product_brand","embeddable":true,"href":"https:\/\/www.mykoplan.ch\/fr\/wp-json\/wp\/v2\/product_brand?post=39892"},{"taxonomy":"product_cat","embeddable":true,"href":"https:\/\/www.mykoplan.ch\/fr\/wp-json\/wp\/v2\/product_cat?post=39892"},{"taxonomy":"product_tag","embeddable":true,"href":"https:\/\/www.mykoplan.ch\/fr\/wp-json\/wp\/v2\/product_tag?post=39892"}],"curies":[{"name":"wp","href":"https:\/\/api.w.org\/{rel}","templated":true}]}}