{"id":39891,"date":"2026-05-05T07:31:55","date_gmt":"2026-05-05T05:31:55","guid":{"rendered":"https:\/\/www.mykoplan.ch\/?post_type=product&#038;p=39891"},"modified":"2026-05-05T08:50:28","modified_gmt":"2026-05-05T06:50:28","slug":"shiitake-lentinula-edodes-bio-extrait-liquide-double-extraction-forte","status":"publish","type":"product","link":"https:\/\/www.mykoplan.ch\/fr\/shop\/extraits-liquides-biologiques\/shiitake-lentinula-edodes-bio-extrait-liquide-double-extraction-forte\/","title":{"rendered":"Shiitake Lentinula edodes bio extrait liquide double extraction \u00ab\u00a0Forte\u00a0\u00bb"},"content":{"rendered":"<p><span lang=\"de-DE\"><span lang=\"fr-CH\">L\u2019extrait liquide double extraction \u00ab\u00a0Forte\u00a0\u00bb de Shiitake Lentinula edodes bio est un compl\u00e9ment alimentaire innovant. Il soutient la r\u00e9g\u00e9n\u00e9ration durable et sert un programme holistique de sant\u00e9. Gr\u00e2ce \u00e0 sa teneur \u00e9lev\u00e9e en vitamine C, il contribue \u00e0 un fonctionnement normal du syst\u00e8me immunitaire et r\u00e9duit le stress oxydatif.<\/span><\/span><\/p>\n<p><span lang=\"de-DE\"><span lang=\"fr-CH\">D\u00e9couvrez les bienfaits du shiitake bio, votre compagnon naturel pour un bon m\u00e9tabolisme ainsi qu\u2019un bon syst\u00e8me immunitaire.<\/span><\/span><\/p>\n<p><span lang=\"de-DE\"><span lang=\"fr-CH\">Bienvenue dans le monde des champignons permettant de soutenir naturellement votre sant\u00e9\u00a0! Le champignon shiitake, appr\u00e9ci\u00e9 en Asie depuis des si\u00e8cles, est connu pour ses propri\u00e9t\u00e9s b\u00e9n\u00e9fiques. Il offre un soutien pr\u00e9cieux au bien-\u00eatre et \u00e0 la vitalit\u00e9, en particulier pour les personnes \u00e2g\u00e9es de plus de 40 ans. <\/span><\/span><\/p>\n<p><span lang=\"de-DE\"><span lang=\"fr-CH\">Restez en bonne sant\u00e9 et plein d\u2019\u00e9nergie\u00a0! Pour en savoir plus sur les ingr\u00e9dients de Shiitake Lentinula edodes Extrait liquide double extraction \u00ab Forte \u00bb biologique, consultez les \u00e9tudes scientifiques suivantes\u00a0:<\/span><\/span><\/p>\n<p><span style=\"color: #467886;\"><u><a href=\"https:\/\/pmc.ncbi.nlm.nih.gov\/articles\/PMC8123671\/pdf\/molecules-26-02539.pdf\" rel=\"noopener\"><span lang=\"fr-CH\">https:\/\/pmc.ncbi.nlm.nih.gov\/articles\/PMC8123671\/pdf\/molecules-26-02539.pdf<\/span><\/a><\/u><\/span><\/p>\n<p><a href=\"https:\/\/www.mykoplan.ch\/wp-content\/uploads\/2026\/04\/41598_2018_Article_27318-Shiitake.pdf\"><span lang=\"en-US\">Comparative transcriptome analysis of dikaryotic mycelia and mature fruiting bodies in the edible mushroom Lentinula edodes<\/span><\/a><\/p>\n<p><a href=\"https:\/\/www.mykoplan.ch\/wp-content\/uploads\/2026\/04\/main-Shiitake.pdf\"><span lang=\"en-US\">Lentinulaedodes: Anassessmentof invitroanti-atherosclerotic bio-functionality<\/span><\/a><\/p>\n","protected":false},"excerpt":{"rendered":"<p><span lang=\"de-DE\"><span lang=\"fr-CH\">Compl\u00e9ment alimentaire avec extrait de Shiitake Lentinula edodes bio et vitamine C issue de la poudre d\u2019ac\u00e9rola bio. Extrait liquide double extraction \u00ab Forte \u00bb sans alcool.<\/span><\/span><\/p>\n<p><span lang=\"de-DE\"><span lang=\"fr-CH\">Contenu : 100 ml<br \/><\/span><\/span><i style=\"font-size: inherit;\" data-mce-style=\"font-size: inherit;\">Produit suffisant pour 20 jours<\/i><\/p>\n","protected":false},"author":240,"featured_media":40099,"comment_status":"open","ping_status":"closed","template":"","meta":{"_coblocks_attr":"","_coblocks_dimensions":"","_coblocks_responsive_height":"","_coblocks_accordion_ie_support":""},"product_brand":[],"product_cat":[105],"product_tag":[],"class_list":{"0":"post-39891","1":"product","2":"type-product","3":"status-publish","4":"has-post-thumbnail","6":"product_cat-extraits-liquides-biologiques","7":"sales-flash-overlay","8":"woocommerce-text-align-center","9":"woocommerce-image-align-center","10":"do-quantity-buttons","12":"first","13":"instock","14":"sale","15":"taxable","16":"shipping-taxable","17":"purchasable","18":"product-type-simple"},"_links":{"self":[{"href":"https:\/\/www.mykoplan.ch\/fr\/wp-json\/wp\/v2\/product\/39891","targetHints":{"allow":["GET"]}}],"collection":[{"href":"https:\/\/www.mykoplan.ch\/fr\/wp-json\/wp\/v2\/product"}],"about":[{"href":"https:\/\/www.mykoplan.ch\/fr\/wp-json\/wp\/v2\/types\/product"}],"author":[{"embeddable":true,"href":"https:\/\/www.mykoplan.ch\/fr\/wp-json\/wp\/v2\/users\/240"}],"replies":[{"embeddable":true,"href":"https:\/\/www.mykoplan.ch\/fr\/wp-json\/wp\/v2\/comments?post=39891"}],"wp:featuredmedia":[{"embeddable":true,"href":"https:\/\/www.mykoplan.ch\/fr\/wp-json\/wp\/v2\/media\/40099"}],"wp:attachment":[{"href":"https:\/\/www.mykoplan.ch\/fr\/wp-json\/wp\/v2\/media?parent=39891"}],"wp:term":[{"taxonomy":"product_brand","embeddable":true,"href":"https:\/\/www.mykoplan.ch\/fr\/wp-json\/wp\/v2\/product_brand?post=39891"},{"taxonomy":"product_cat","embeddable":true,"href":"https:\/\/www.mykoplan.ch\/fr\/wp-json\/wp\/v2\/product_cat?post=39891"},{"taxonomy":"product_tag","embeddable":true,"href":"https:\/\/www.mykoplan.ch\/fr\/wp-json\/wp\/v2\/product_tag?post=39891"}],"curies":[{"name":"wp","href":"https:\/\/api.w.org\/{rel}","templated":true}]}}