{"id":39890,"date":"2026-05-05T07:31:53","date_gmt":"2026-05-05T05:31:53","guid":{"rendered":"https:\/\/www.mykoplan.ch\/?post_type=product&#038;p=39890"},"modified":"2026-05-05T08:50:28","modified_gmt":"2026-05-05T06:50:28","slug":"hericium-erinaceus-bio-extrait-liquide-double-extraction-forte","status":"publish","type":"product","link":"https:\/\/www.mykoplan.ch\/fr\/shop\/extraits-liquides-biologiques\/hericium-erinaceus-bio-extrait-liquide-double-extraction-forte\/","title":{"rendered":"Hericium erinaceus bio extrait liquide double extraction \u00ab\u00a0Forte\u00a0\u00bb"},"content":{"rendered":"<p><span lang=\"de-DE\"><span lang=\"fr-CH\">L\u2019extrait liquide double extraction \u00ab\u00a0Forte\u00a0\u00bb de Hericium erinaceus bio est un compl\u00e9ment alimentaire innovant. Il soutient la r\u00e9g\u00e9n\u00e9ration durable et sert un programme holistique de sant\u00e9. Gr\u00e2ce \u00e0 sa teneur \u00e9lev\u00e9e en vitamine C, il contribue \u00e0 un fonctionnement normal du syst\u00e8me immunitaire et r\u00e9duit le stress oxydatif.<\/span><\/span><\/p>\n<p><span lang=\"de-DE\"><span lang=\"fr-CH\">D\u00e9couvrez les bienfaits de Hericium biologique, votre compagnon naturel pour votre clart\u00e9 mentale et votre bien-\u00eatre.<\/span><\/span><\/p>\n<p><span lang=\"de-DE\"><span lang=\"fr-CH\">Bienvenue dans le monde des champignons vitaux, qui peuvent fournir un soutien naturel \u00e0 votre sant\u00e9\u00a0! Hericium erinaceus, \u00e9galement connu sous le nom de h\u00e9risson barbu, est un champignon fascinant, tr\u00e8s appr\u00e9ci\u00e9 en m\u00e9decine traditionnelle asiatique. Il offre un soutien pr\u00e9cieux au bien-\u00eatre mental et physique, en particulier pour les personnes \u00e2g\u00e9es de plus de 40 ans. <\/span><\/span><\/p>\n<p><span lang=\"de-DE\"><span lang=\"fr-CH\">Restez en bonne sant\u00e9 et plein d\u2019\u00e9nergie\u00a0! Pour plus d\u2019informations sur les ingr\u00e9dients de Hericium erinaceus bio extrait liquide double extraction \u00ab Forte \u00bb, consultez les \u00e9tudes scientifiques suivantes\u00a0:<\/span><\/span><\/p>\n<p><span style=\"color: #467886;\"><u><a href=\"https:\/\/pubmed.ncbi.nlm.nih.gov\/24266378\/\" rel=\"noopener\"><span lang=\"fr-CH\">https:\/\/pubmed.ncbi.nlm.nih.gov\/24266378\/<\/span><\/a><\/u><\/span><\/p>\n<p><span style=\"color: #467886;\"><u><a href=\"https:\/\/pubmed.ncbi.nlm.nih.gov\/31413233\/\" rel=\"noopener\"><span lang=\"fr-CH\">https:\/\/pubmed.ncbi.nlm.nih.gov\/31413233\/<\/span><\/a><\/u><\/span><\/p>\n<p><span style=\"color: #467886;\"><span lang=\"en-US\"><u><a href=\"https:\/\/www.mykoplan.ch\/wp-content\/uploads\/2023\/11\/Vitamin-C.pdf\"><span lang=\"fr-CH\">Vitamin C pharmacokinetics in healthy volunteers: Evidence for a recommended dietary allowance (PDF 1MB)<\/span><\/a><\/u><\/span><\/span><\/p>\n","protected":false},"excerpt":{"rendered":"<p><span lang=\"de-DE\"><span lang=\"fr-CH\">Compl\u00e9ment alimentaire \u00e0 base d\u2019extrait de Hericium erinaceus bio et de vitamine C issue de la poudre d\u2019ac\u00e9rola bio. Extrait liquide double extraction \u00ab Forte \u00bb sans alcool<\/span><\/span><\/p>\n<p><span lang=\"de-DE\"><span lang=\"fr-CH\">Contenu : 100 ml<br \/>\n<\/span><\/span><i style=\"font-size: inherit;\">Produit suffisant pour 20 jours<\/i><\/p>\n","protected":false},"author":240,"featured_media":40093,"comment_status":"open","ping_status":"closed","template":"","meta":{"_coblocks_attr":"","_coblocks_dimensions":"","_coblocks_responsive_height":"","_coblocks_accordion_ie_support":""},"product_brand":[],"product_cat":[105,119],"product_tag":[],"class_list":{"0":"post-39890","1":"product","2":"type-product","3":"status-publish","4":"has-post-thumbnail","6":"product_cat-extraits-liquides-biologiques","7":"product_cat-preparations-a-base-dun-seul-champignon","8":"sales-flash-overlay","9":"woocommerce-text-align-center","10":"woocommerce-image-align-center","11":"do-quantity-buttons","13":"first","14":"instock","15":"sale","16":"taxable","17":"shipping-taxable","18":"purchasable","19":"product-type-simple"},"_links":{"self":[{"href":"https:\/\/www.mykoplan.ch\/fr\/wp-json\/wp\/v2\/product\/39890","targetHints":{"allow":["GET"]}}],"collection":[{"href":"https:\/\/www.mykoplan.ch\/fr\/wp-json\/wp\/v2\/product"}],"about":[{"href":"https:\/\/www.mykoplan.ch\/fr\/wp-json\/wp\/v2\/types\/product"}],"author":[{"embeddable":true,"href":"https:\/\/www.mykoplan.ch\/fr\/wp-json\/wp\/v2\/users\/240"}],"replies":[{"embeddable":true,"href":"https:\/\/www.mykoplan.ch\/fr\/wp-json\/wp\/v2\/comments?post=39890"}],"wp:featuredmedia":[{"embeddable":true,"href":"https:\/\/www.mykoplan.ch\/fr\/wp-json\/wp\/v2\/media\/40093"}],"wp:attachment":[{"href":"https:\/\/www.mykoplan.ch\/fr\/wp-json\/wp\/v2\/media?parent=39890"}],"wp:term":[{"taxonomy":"product_brand","embeddable":true,"href":"https:\/\/www.mykoplan.ch\/fr\/wp-json\/wp\/v2\/product_brand?post=39890"},{"taxonomy":"product_cat","embeddable":true,"href":"https:\/\/www.mykoplan.ch\/fr\/wp-json\/wp\/v2\/product_cat?post=39890"},{"taxonomy":"product_tag","embeddable":true,"href":"https:\/\/www.mykoplan.ch\/fr\/wp-json\/wp\/v2\/product_tag?post=39890"}],"curies":[{"name":"wp","href":"https:\/\/api.w.org\/{rel}","templated":true}]}}