{"id":39889,"date":"2026-05-05T07:31:54","date_gmt":"2026-05-05T05:31:54","guid":{"rendered":"https:\/\/www.mykoplan.ch\/?post_type=product&#038;p=39889"},"modified":"2026-05-05T08:50:28","modified_gmt":"2026-05-05T06:50:28","slug":"reishi-ganoderma-lucidum-bio-extrait-liquide","status":"publish","type":"product","link":"https:\/\/www.mykoplan.ch\/fr\/shop\/extraits-liquides-biologiques\/reishi-ganoderma-lucidum-bio-extrait-liquide\/","title":{"rendered":"Reishi Ganoderma lucidum bio extrait liquide double extraction \u00ab\u00a0Forte\u00a0\u00bb"},"content":{"rendered":"<p><span lang=\"de-DE\"><span lang=\"fr-CH\">L\u2019extrait liquide double extraction \u00ab\u00a0Forte\u00a0\u00bb de Reishi Ganoderma lucidum bio est un compl\u00e9ment alimentaire innovant. Il soutient la r\u00e9g\u00e9n\u00e9ration durable et sert un programme de sant\u00e9 global. Gr\u00e2ce \u00e0 sa teneur \u00e9lev\u00e9e en vitamine C, il contribue \u00e0 un fonctionnement normal du syst\u00e8me immunitaire et r\u00e9duit le stress oxydatif.<\/span><\/span><\/p>\n<p><span lang=\"de-DE\"><span lang=\"fr-CH\">D\u00e9couvrez la puissance du Reishi bio, votre compagnon naturel pour votre vitalit\u00e9 et votre bien-\u00eatre.<\/span><\/span><\/p>\n<p><span lang=\"de-DE\"><span lang=\"fr-CH\">Bienvenue dans un monde de soutien naturel pour votre sant\u00e9\u00a0! Ganoderma lucidum, \u00e9galement connu sous le nom de Reishi, est un champignon vital remarquable avec plus de 2000 ans d\u2019histoire dans la m\u00e9decine traditionnelle chinoise. Depuis, des \u00e9tudes modernes ont confirm\u00e9 ses nombreux avantages pour le bien-\u00eatre, en particulier pour les personnes \u00e2g\u00e9es de 40 ans et plus souhaitant rester actives et en bonne sant\u00e9.<\/span><\/span><\/p>\n<p><span lang=\"de-DE\"><span lang=\"fr-CH\">Restez en bonne sant\u00e9 et plein d\u2019\u00e9nergie\u00a0! Pour plus d\u2019informations sur les ingr\u00e9dients de Reishi Ganoderma lucidum biologique, extrait liquide double extraction \u00ab Forte \u00bb, consultez les \u00e9tudes scientifiques suivantes\u00a0:<\/span><\/span><\/p>\n<p><span style=\"color: #467886;\"><span lang=\"en-US\"><u><a href=\"https:\/\/www.mykoplan.ch\/wp-content\/uploads\/2023\/11\/Anti-Aging-Ganoderma-lucidum.pdf\"><span lang=\"fr-CH\">Emerging Roles of Ganoderma Lucidum in Anti-Aging (aginganddisease.org) (PDF 2MB)<\/span><\/a><\/u><\/span><\/span><\/p>\n<p><span style=\"color: #467886;\"><span lang=\"en-US\"><u><a href=\"https:\/\/www.mykoplan.ch\/wp-content\/uploads\/2023\/11\/Gano-and-Protectiv.pdf\"><span lang=\"fr-CH\">Antioxidant, antibacterial, antitumor, antifungal, antiviral, anti-inflammatory, and nevro-protective activity of Ganoderma lucidum: An overview<\/span><\/a><\/u><\/span><\/span><\/p>\n<p><span style=\"color: #467886;\"><span lang=\"en-US\"><u><a href=\"https:\/\/www.mykoplan.ch\/wp-content\/uploads\/2023\/11\/Ganoderma-and-Health.pdf\"><span lang=\"fr-CH\">Ganoderma and Health \u2013 Pharmacology and Clinical Application<\/span><\/a><\/u><\/span><\/span><\/p>\n<p><span style=\"color: #467886;\"><span lang=\"en-US\"><u><a href=\"https:\/\/www.mykoplan.ch\/wp-content\/uploads\/2023\/11\/Ganoderma.pdf\"><span lang=\"fr-CH\">Health-Promoting of Polysaccharides Extracted from Ganoderma lucidum<\/span><\/a><\/u><\/span><\/span><\/p>\n<p><span style=\"color: #467886;\"><span lang=\"en-US\"><u><a href=\"https:\/\/www.mykoplan.ch\/wp-content\/uploads\/2023\/11\/Vitamin-C.pdf\"><span lang=\"fr-CH\">Vitamin C pharmacokinetics in healthy volunteers: Evidence for a recommended dietary allowance (PDF 1MB)<\/span><\/a><\/u><\/span><\/span><\/p>\n","protected":false},"excerpt":{"rendered":"<p><span lang=\"de-DE\"><span lang=\"fr-CH\">Compl\u00e9ment alimentaire avec extrait de Ganoderma lucidum bio et vitamine C issue de la poudre d\u2019ac\u00e9rola bio. Extrait liquide double extraction \u00ab Forte \u00bb sans alcool<\/span><\/span><\/p>\n<p><span lang=\"de-DE\"><span lang=\"fr-CH\">Contenu : 100 ml<br \/>\n<\/span><\/span><i style=\"font-size: inherit;\">Produit suffisant pour 20 jours<\/i><\/p>\n","protected":false},"author":240,"featured_media":40097,"comment_status":"open","ping_status":"closed","template":"","meta":{"_coblocks_attr":"","_coblocks_dimensions":"","_coblocks_responsive_height":"","_coblocks_accordion_ie_support":""},"product_brand":[],"product_cat":[105],"product_tag":[],"class_list":{"0":"post-39889","1":"product","2":"type-product","3":"status-publish","4":"has-post-thumbnail","6":"product_cat-extraits-liquides-biologiques","7":"sales-flash-overlay","8":"woocommerce-text-align-center","9":"woocommerce-image-align-center","10":"do-quantity-buttons","12":"first","13":"instock","14":"sale","15":"taxable","16":"shipping-taxable","17":"purchasable","18":"product-type-simple"},"_links":{"self":[{"href":"https:\/\/www.mykoplan.ch\/fr\/wp-json\/wp\/v2\/product\/39889","targetHints":{"allow":["GET"]}}],"collection":[{"href":"https:\/\/www.mykoplan.ch\/fr\/wp-json\/wp\/v2\/product"}],"about":[{"href":"https:\/\/www.mykoplan.ch\/fr\/wp-json\/wp\/v2\/types\/product"}],"author":[{"embeddable":true,"href":"https:\/\/www.mykoplan.ch\/fr\/wp-json\/wp\/v2\/users\/240"}],"replies":[{"embeddable":true,"href":"https:\/\/www.mykoplan.ch\/fr\/wp-json\/wp\/v2\/comments?post=39889"}],"wp:featuredmedia":[{"embeddable":true,"href":"https:\/\/www.mykoplan.ch\/fr\/wp-json\/wp\/v2\/media\/40097"}],"wp:attachment":[{"href":"https:\/\/www.mykoplan.ch\/fr\/wp-json\/wp\/v2\/media?parent=39889"}],"wp:term":[{"taxonomy":"product_brand","embeddable":true,"href":"https:\/\/www.mykoplan.ch\/fr\/wp-json\/wp\/v2\/product_brand?post=39889"},{"taxonomy":"product_cat","embeddable":true,"href":"https:\/\/www.mykoplan.ch\/fr\/wp-json\/wp\/v2\/product_cat?post=39889"},{"taxonomy":"product_tag","embeddable":true,"href":"https:\/\/www.mykoplan.ch\/fr\/wp-json\/wp\/v2\/product_tag?post=39889"}],"curies":[{"name":"wp","href":"https:\/\/api.w.org\/{rel}","templated":true}]}}