{"id":28785,"date":"2024-12-02T07:41:58","date_gmt":"2024-12-02T06:41:58","guid":{"rendered":"https:\/\/www.mykoplan.ch\/?post_type=product&#038;p=28785"},"modified":"2024-12-02T07:41:58","modified_gmt":"2024-12-02T06:41:58","slug":"shimeji-bio-seches","status":"publish","type":"product","link":"https:\/\/www.mykoplan.ch\/fr\/shop\/champignons-nobles-bio\/shimeji-bio-seches\/","title":{"rendered":"Shimeji bio s\u00e9ch\u00e9s"},"content":{"rendered":"<p><strong>Shimeji &#8211; LE NOYAUT\u00c9<\/strong><\/p>\n<p>Le shimeji est un champignon \u00e9pic\u00e9 \u00e0 l&rsquo;ar\u00f4me de noix. Dans la nature, ce champignon pousse souvent sur des arbres \u00e0 feuilles caduques. C&rsquo;est pourquoi il est \u00e9galement appel\u00e9 \u00ab champignon du h\u00eatre \u00bb dans les pays germanophones.<\/p>\n","protected":false},"excerpt":{"rendered":"<p>Shimeji bio s\u00e9ch\u00e9s de producion suisse<\/p>\n<p>Contenu: 20 g<\/p>\n","protected":false},"author":240,"featured_media":28864,"comment_status":"open","ping_status":"closed","template":"","meta":{"_coblocks_attr":"","_coblocks_dimensions":"","_coblocks_responsive_height":"","_coblocks_accordion_ie_support":""},"product_brand":[],"product_cat":[100],"product_tag":[],"class_list":{"0":"post-28785","1":"product","2":"type-product","3":"status-publish","4":"has-post-thumbnail","6":"product_cat-champignons-nobles-bio","7":"sales-flash-overlay","8":"woocommerce-text-align-center","9":"woocommerce-image-align-center","10":"do-quantity-buttons","12":"first","13":"instock","14":"taxable","15":"shipping-taxable","16":"purchasable","17":"product-type-simple"},"_links":{"self":[{"href":"https:\/\/www.mykoplan.ch\/fr\/wp-json\/wp\/v2\/product\/28785","targetHints":{"allow":["GET"]}}],"collection":[{"href":"https:\/\/www.mykoplan.ch\/fr\/wp-json\/wp\/v2\/product"}],"about":[{"href":"https:\/\/www.mykoplan.ch\/fr\/wp-json\/wp\/v2\/types\/product"}],"author":[{"embeddable":true,"href":"https:\/\/www.mykoplan.ch\/fr\/wp-json\/wp\/v2\/users\/240"}],"replies":[{"embeddable":true,"href":"https:\/\/www.mykoplan.ch\/fr\/wp-json\/wp\/v2\/comments?post=28785"}],"wp:featuredmedia":[{"embeddable":true,"href":"https:\/\/www.mykoplan.ch\/fr\/wp-json\/wp\/v2\/media\/28864"}],"wp:attachment":[{"href":"https:\/\/www.mykoplan.ch\/fr\/wp-json\/wp\/v2\/media?parent=28785"}],"wp:term":[{"taxonomy":"product_brand","embeddable":true,"href":"https:\/\/www.mykoplan.ch\/fr\/wp-json\/wp\/v2\/product_brand?post=28785"},{"taxonomy":"product_cat","embeddable":true,"href":"https:\/\/www.mykoplan.ch\/fr\/wp-json\/wp\/v2\/product_cat?post=28785"},{"taxonomy":"product_tag","embeddable":true,"href":"https:\/\/www.mykoplan.ch\/fr\/wp-json\/wp\/v2\/product_tag?post=28785"}],"curies":[{"name":"wp","href":"https:\/\/api.w.org\/{rel}","templated":true}]}}