{"id":28781,"date":"2024-12-02T07:41:57","date_gmt":"2024-12-02T06:41:57","guid":{"rendered":"https:\/\/www.mykoplan.ch\/?post_type=product&#038;p=28781"},"modified":"2024-12-02T07:41:57","modified_gmt":"2024-12-02T06:41:57","slug":"pleurote-de-panicaut-bio-seches","status":"publish","type":"product","link":"https:\/\/www.mykoplan.ch\/fr\/shop\/champignons-nobles-bio\/pleurote-de-panicaut-bio-seches\/","title":{"rendered":"Pleurote de panicaut bio s\u00e9ch\u00e9s"},"content":{"rendered":"<p><strong>Pleurote de panicaut &#8211; LE MEDITERRANE<\/strong><\/p>\n<p>L&rsquo;ar\u00f4me d\u00e9licat du c\u00e8pe aux herbes ressemble \u00e0 la saveur douce du c\u00e8pe. Ce champignon est enti\u00e8rement assimilable et tr\u00e8s polyvalent.<\/p>\n","protected":false},"excerpt":{"rendered":"<p>Pleurote de panicaut bio s\u00e9ch\u00e9s de producion suisse<\/p>\n<p>Contenu: 20 g<\/p>\n","protected":false},"author":240,"featured_media":28856,"comment_status":"open","ping_status":"closed","template":"","meta":{"_coblocks_attr":"","_coblocks_dimensions":"","_coblocks_responsive_height":"","_coblocks_accordion_ie_support":""},"product_brand":[],"product_cat":[100],"product_tag":[],"class_list":{"0":"post-28781","1":"product","2":"type-product","3":"status-publish","4":"has-post-thumbnail","6":"product_cat-champignons-nobles-bio","7":"sales-flash-overlay","8":"woocommerce-text-align-center","9":"woocommerce-image-align-center","10":"do-quantity-buttons","12":"first","13":"instock","14":"taxable","15":"shipping-taxable","16":"purchasable","17":"product-type-simple"},"_links":{"self":[{"href":"https:\/\/www.mykoplan.ch\/fr\/wp-json\/wp\/v2\/product\/28781","targetHints":{"allow":["GET"]}}],"collection":[{"href":"https:\/\/www.mykoplan.ch\/fr\/wp-json\/wp\/v2\/product"}],"about":[{"href":"https:\/\/www.mykoplan.ch\/fr\/wp-json\/wp\/v2\/types\/product"}],"author":[{"embeddable":true,"href":"https:\/\/www.mykoplan.ch\/fr\/wp-json\/wp\/v2\/users\/240"}],"replies":[{"embeddable":true,"href":"https:\/\/www.mykoplan.ch\/fr\/wp-json\/wp\/v2\/comments?post=28781"}],"wp:featuredmedia":[{"embeddable":true,"href":"https:\/\/www.mykoplan.ch\/fr\/wp-json\/wp\/v2\/media\/28856"}],"wp:attachment":[{"href":"https:\/\/www.mykoplan.ch\/fr\/wp-json\/wp\/v2\/media?parent=28781"}],"wp:term":[{"taxonomy":"product_brand","embeddable":true,"href":"https:\/\/www.mykoplan.ch\/fr\/wp-json\/wp\/v2\/product_brand?post=28781"},{"taxonomy":"product_cat","embeddable":true,"href":"https:\/\/www.mykoplan.ch\/fr\/wp-json\/wp\/v2\/product_cat?post=28781"},{"taxonomy":"product_tag","embeddable":true,"href":"https:\/\/www.mykoplan.ch\/fr\/wp-json\/wp\/v2\/product_tag?post=28781"}],"curies":[{"name":"wp","href":"https:\/\/api.w.org\/{rel}","templated":true}]}}