{"id":28780,"date":"2024-12-02T07:41:57","date_gmt":"2024-12-02T06:41:57","guid":{"rendered":"https:\/\/www.mykoplan.ch\/?post_type=product&#038;p=28780"},"modified":"2024-12-02T07:41:57","modified_gmt":"2024-12-02T06:41:57","slug":"enoki-bio-seches","status":"publish","type":"product","link":"https:\/\/www.mykoplan.ch\/fr\/shop\/champignons-nobles-bio\/enoki-bio-seches\/","title":{"rendered":"Enoki bio s\u00e9ch\u00e9s"},"content":{"rendered":"<p><strong>Enoki bio &#8211; LE DOUX<\/strong><\/p>\n<p>L&rsquo;enoki est tr\u00e8s appr\u00e9ci\u00e9 dans la haute gastronomie en raison de son aspect. Il a une saveur douce et sucr\u00e9e. Ce champignon est enti\u00e8rement assimilable et peut \u00eatre utilis\u00e9 de multiples fa\u00e7ons.<\/p>\n","protected":false},"excerpt":{"rendered":"<p>Enoki bio s\u00e9ch\u00e9s de producion suisse<\/p>\n<p>Contenu: 20 g<\/p>\n","protected":false},"author":240,"featured_media":28854,"comment_status":"open","ping_status":"closed","template":"","meta":{"_coblocks_attr":"","_coblocks_dimensions":"","_coblocks_responsive_height":"","_coblocks_accordion_ie_support":""},"product_brand":[],"product_cat":[100],"product_tag":[],"class_list":{"0":"post-28780","1":"product","2":"type-product","3":"status-publish","4":"has-post-thumbnail","6":"product_cat-champignons-nobles-bio","7":"sales-flash-overlay","8":"woocommerce-text-align-center","9":"woocommerce-image-align-center","10":"do-quantity-buttons","12":"first","13":"instock","14":"taxable","15":"shipping-taxable","16":"purchasable","17":"product-type-simple"},"_links":{"self":[{"href":"https:\/\/www.mykoplan.ch\/fr\/wp-json\/wp\/v2\/product\/28780","targetHints":{"allow":["GET"]}}],"collection":[{"href":"https:\/\/www.mykoplan.ch\/fr\/wp-json\/wp\/v2\/product"}],"about":[{"href":"https:\/\/www.mykoplan.ch\/fr\/wp-json\/wp\/v2\/types\/product"}],"author":[{"embeddable":true,"href":"https:\/\/www.mykoplan.ch\/fr\/wp-json\/wp\/v2\/users\/240"}],"replies":[{"embeddable":true,"href":"https:\/\/www.mykoplan.ch\/fr\/wp-json\/wp\/v2\/comments?post=28780"}],"wp:featuredmedia":[{"embeddable":true,"href":"https:\/\/www.mykoplan.ch\/fr\/wp-json\/wp\/v2\/media\/28854"}],"wp:attachment":[{"href":"https:\/\/www.mykoplan.ch\/fr\/wp-json\/wp\/v2\/media?parent=28780"}],"wp:term":[{"taxonomy":"product_brand","embeddable":true,"href":"https:\/\/www.mykoplan.ch\/fr\/wp-json\/wp\/v2\/product_brand?post=28780"},{"taxonomy":"product_cat","embeddable":true,"href":"https:\/\/www.mykoplan.ch\/fr\/wp-json\/wp\/v2\/product_cat?post=28780"},{"taxonomy":"product_tag","embeddable":true,"href":"https:\/\/www.mykoplan.ch\/fr\/wp-json\/wp\/v2\/product_tag?post=28780"}],"curies":[{"name":"wp","href":"https:\/\/api.w.org\/{rel}","templated":true}]}}