{"id":28779,"date":"2024-12-02T07:41:57","date_gmt":"2024-12-02T06:41:57","guid":{"rendered":"https:\/\/www.mykoplan.ch\/?post_type=product&#038;p=28779"},"modified":"2024-12-02T07:41:57","modified_gmt":"2024-12-02T06:41:57","slug":"melange-de-champignons-nobles-bio-seches","status":"publish","type":"product","link":"https:\/\/www.mykoplan.ch\/fr\/shop\/champignons-nobles-bio\/melange-de-champignons-nobles-bio-seches\/","title":{"rendered":"M\u00e9lange de Champignons nobles bio s\u00e9ch\u00e9s"},"content":{"rendered":"<p><strong>M\u00e9lange de champignons nobles bio &#8211; L&rsquo;EXPLOSION GO\u00dbTALE<\/strong><\/p>\n<p>Le m\u00e9lange de champignons nobles finement dos\u00e9 offre \u00e0 chaque plat le couronnement d&rsquo;un go\u00fbt rond et vari\u00e9. Avec les diff\u00e9rentes couleurs de champignons, l&rsquo;exp\u00e9rience visuelle est \u00e9galement un plaisir.<\/p>\n","protected":false},"excerpt":{"rendered":"<p>M\u00e9lange de Champignons nobles bio s\u00e9ch\u00e9s de producion suisse<\/p>\n<p>Contenu: 20 g<\/p>\n","protected":false},"author":240,"featured_media":28852,"comment_status":"open","ping_status":"closed","template":"","meta":{"_coblocks_attr":"","_coblocks_dimensions":"","_coblocks_responsive_height":"","_coblocks_accordion_ie_support":""},"product_brand":[],"product_cat":[100],"product_tag":[],"class_list":{"0":"post-28779","1":"product","2":"type-product","3":"status-publish","4":"has-post-thumbnail","6":"product_cat-champignons-nobles-bio","7":"sales-flash-overlay","8":"woocommerce-text-align-center","9":"woocommerce-image-align-center","10":"do-quantity-buttons","12":"first","13":"instock","14":"taxable","15":"shipping-taxable","16":"purchasable","17":"product-type-simple"},"_links":{"self":[{"href":"https:\/\/www.mykoplan.ch\/fr\/wp-json\/wp\/v2\/product\/28779","targetHints":{"allow":["GET"]}}],"collection":[{"href":"https:\/\/www.mykoplan.ch\/fr\/wp-json\/wp\/v2\/product"}],"about":[{"href":"https:\/\/www.mykoplan.ch\/fr\/wp-json\/wp\/v2\/types\/product"}],"author":[{"embeddable":true,"href":"https:\/\/www.mykoplan.ch\/fr\/wp-json\/wp\/v2\/users\/240"}],"replies":[{"embeddable":true,"href":"https:\/\/www.mykoplan.ch\/fr\/wp-json\/wp\/v2\/comments?post=28779"}],"wp:featuredmedia":[{"embeddable":true,"href":"https:\/\/www.mykoplan.ch\/fr\/wp-json\/wp\/v2\/media\/28852"}],"wp:attachment":[{"href":"https:\/\/www.mykoplan.ch\/fr\/wp-json\/wp\/v2\/media?parent=28779"}],"wp:term":[{"taxonomy":"product_brand","embeddable":true,"href":"https:\/\/www.mykoplan.ch\/fr\/wp-json\/wp\/v2\/product_brand?post=28779"},{"taxonomy":"product_cat","embeddable":true,"href":"https:\/\/www.mykoplan.ch\/fr\/wp-json\/wp\/v2\/product_cat?post=28779"},{"taxonomy":"product_tag","embeddable":true,"href":"https:\/\/www.mykoplan.ch\/fr\/wp-json\/wp\/v2\/product_tag?post=28779"}],"curies":[{"name":"wp","href":"https:\/\/api.w.org\/{rel}","templated":true}]}}