{"id":27852,"date":"2024-07-10T09:06:33","date_gmt":"2024-07-10T07:06:33","guid":{"rendered":"https:\/\/www.mykoplan.ch\/?post_type=product&#038;p=27852"},"modified":"2024-09-09T11:33:57","modified_gmt":"2024-09-09T09:33:57","slug":"porte-cles-amanite-tue-mouches","status":"publish","type":"product","link":"https:\/\/www.mykoplan.ch\/fr\/shop\/divers\/porte-cles-amanite-tue-mouches\/","title":{"rendered":"Porte-cl\u00e9s amanite tue-mouches"},"content":{"rendered":"<p>1x Porte-cl\u00e9s avec amanite tue-mouches<\/p>\n<p>Particularit\u00e9: Hydrofuge et r\u00e9sistant aux chocs gr\u00e2ce \u00e0 un scellement \u00e0 la r\u00e9sine \u00e9poxy.<\/p>\n<p>Durabilit\u00e9: Porte-cl\u00e9s en papier m\u00e2ch\u00e9 dans un sac en coton et une bo\u00eete recycl\u00e9e. Le sac en coton peut \u00eatre r\u00e9utilis\u00e9 comme sachet d&rsquo;\u00e9pices ou de th\u00e9.<\/p>\n","protected":false},"excerpt":{"rendered":"<p>Porte-bonheur en forme d&rsquo;amanite tue-mouches comme porte-cl\u00e9s, fabriqu\u00e9 et d\u00e9cor\u00e9 \u00e0 la main avec amour.<\/p>\n","protected":false},"author":240,"featured_media":26371,"comment_status":"open","ping_status":"closed","template":"","meta":{"_coblocks_attr":"","_coblocks_dimensions":"","_coblocks_responsive_height":"","_coblocks_accordion_ie_support":""},"product_brand":[],"product_cat":[90],"product_tag":[],"class_list":{"0":"post-27852","1":"product","2":"type-product","3":"status-publish","4":"has-post-thumbnail","6":"product_cat-divers","7":"sales-flash-overlay","8":"woocommerce-text-align-center","9":"woocommerce-image-align-center","10":"do-quantity-buttons","11":"wc-has-gallery","13":"first","14":"instock","15":"taxable","16":"shipping-taxable","17":"purchasable","18":"product-type-simple"},"_links":{"self":[{"href":"https:\/\/www.mykoplan.ch\/fr\/wp-json\/wp\/v2\/product\/27852","targetHints":{"allow":["GET"]}}],"collection":[{"href":"https:\/\/www.mykoplan.ch\/fr\/wp-json\/wp\/v2\/product"}],"about":[{"href":"https:\/\/www.mykoplan.ch\/fr\/wp-json\/wp\/v2\/types\/product"}],"author":[{"embeddable":true,"href":"https:\/\/www.mykoplan.ch\/fr\/wp-json\/wp\/v2\/users\/240"}],"replies":[{"embeddable":true,"href":"https:\/\/www.mykoplan.ch\/fr\/wp-json\/wp\/v2\/comments?post=27852"}],"wp:featuredmedia":[{"embeddable":true,"href":"https:\/\/www.mykoplan.ch\/fr\/wp-json\/wp\/v2\/media\/26371"}],"wp:attachment":[{"href":"https:\/\/www.mykoplan.ch\/fr\/wp-json\/wp\/v2\/media?parent=27852"}],"wp:term":[{"taxonomy":"product_brand","embeddable":true,"href":"https:\/\/www.mykoplan.ch\/fr\/wp-json\/wp\/v2\/product_brand?post=27852"},{"taxonomy":"product_cat","embeddable":true,"href":"https:\/\/www.mykoplan.ch\/fr\/wp-json\/wp\/v2\/product_cat?post=27852"},{"taxonomy":"product_tag","embeddable":true,"href":"https:\/\/www.mykoplan.ch\/fr\/wp-json\/wp\/v2\/product_tag?post=27852"}],"curies":[{"name":"wp","href":"https:\/\/api.w.org\/{rel}","templated":true}]}}