{"id":26879,"date":"2018-09-25T13:54:40","date_gmt":"2018-09-25T11:54:40","guid":{"rendered":"https:\/\/www.mykoplan.ch\/?post_type=product&#038;p=26879"},"modified":"2024-07-24T13:56:36","modified_gmt":"2024-07-24T11:56:36","slug":"kit-de-tests-de-kinesiologie","status":"publish","type":"product","link":"https:\/\/www.mykoplan.ch\/fr\/shop\/divers\/kit-de-tests-de-kinesiologie\/","title":{"rendered":"Kit de tests de kin\u00e9siologie"},"content":{"rendered":"<p>Kit de test contenant tous les produits de champignons vitaux de Mykoplan\u00ae pour les tests bio\u00e9nerg\u00e9tiques.<br \/>\nSur la face int\u00e9rieure du couvercle, vous trouverez la description du contenu. Le num\u00e9ro 9 manque pour \u00e9viter toute confusion avec le num\u00e9ro 6.<\/p>\n<p>Important : ce kit est destin\u00e9 uniquement \u00e0 des fins de test.<\/p>\n","protected":false},"excerpt":{"rendered":"<p>Nous avons d\u00e9velopp\u00e9 ce kit de test pour les tests bio\u00e9nerg\u00e9tiques.<\/p>\n<p>Il contient des tubes en verre de qualit\u00e9 alimentaire contenant chacun une g\u00e9lule de nos produits, dispos\u00e9s dans un emballage \u00e9l\u00e9gant fait \u00e0 la main.<\/p>\n<p>Sur demande, nous vous enverrons gratuitement un tube d\u2019essai de nos derniers produits afin que votre kit de test soit toujours \u00e0 jour.<\/p>\n","protected":false},"author":240,"featured_media":26366,"comment_status":"open","ping_status":"closed","template":"","meta":{"_coblocks_attr":"","_coblocks_dimensions":"","_coblocks_responsive_height":"","_coblocks_accordion_ie_support":""},"product_brand":[],"product_cat":[90],"product_tag":[],"class_list":{"0":"post-26879","1":"product","2":"type-product","3":"status-publish","4":"has-post-thumbnail","6":"product_cat-divers","7":"sales-flash-overlay","8":"woocommerce-text-align-center","9":"woocommerce-image-align-center","10":"do-quantity-buttons","11":"wc-has-gallery","13":"first","14":"instock","15":"taxable","16":"shipping-taxable","17":"purchasable","18":"product-type-simple"},"_links":{"self":[{"href":"https:\/\/www.mykoplan.ch\/fr\/wp-json\/wp\/v2\/product\/26879","targetHints":{"allow":["GET"]}}],"collection":[{"href":"https:\/\/www.mykoplan.ch\/fr\/wp-json\/wp\/v2\/product"}],"about":[{"href":"https:\/\/www.mykoplan.ch\/fr\/wp-json\/wp\/v2\/types\/product"}],"author":[{"embeddable":true,"href":"https:\/\/www.mykoplan.ch\/fr\/wp-json\/wp\/v2\/users\/240"}],"replies":[{"embeddable":true,"href":"https:\/\/www.mykoplan.ch\/fr\/wp-json\/wp\/v2\/comments?post=26879"}],"wp:featuredmedia":[{"embeddable":true,"href":"https:\/\/www.mykoplan.ch\/fr\/wp-json\/wp\/v2\/media\/26366"}],"wp:attachment":[{"href":"https:\/\/www.mykoplan.ch\/fr\/wp-json\/wp\/v2\/media?parent=26879"}],"wp:term":[{"taxonomy":"product_brand","embeddable":true,"href":"https:\/\/www.mykoplan.ch\/fr\/wp-json\/wp\/v2\/product_brand?post=26879"},{"taxonomy":"product_cat","embeddable":true,"href":"https:\/\/www.mykoplan.ch\/fr\/wp-json\/wp\/v2\/product_cat?post=26879"},{"taxonomy":"product_tag","embeddable":true,"href":"https:\/\/www.mykoplan.ch\/fr\/wp-json\/wp\/v2\/product_tag?post=26879"}],"curies":[{"name":"wp","href":"https:\/\/api.w.org\/{rel}","templated":true}]}}