{"id":26760,"date":"2026-02-18T14:17:37","date_gmt":"2026-02-18T13:17:37","guid":{"rendered":"https:\/\/www.mykoplan.ch\/?post_type=product&#038;p=26760"},"modified":"2026-05-01T15:52:10","modified_gmt":"2026-05-01T13:52:10","slug":"coprinus-bio-3-bocaux-remplacement-du-paquet-avantage-epuisee","status":"publish","type":"product","link":"https:\/\/www.mykoplan.ch\/fr\/shop\/coprinus-fr\/coprinus-bio-3-bocaux-remplacement-du-paquet-avantage-epuisee\/","title":{"rendered":"Coprinus bio (3 bocaux) : Remplacement du paquet avantage \u00e9puis\u00e9e"},"content":{"rendered":"<p><strong>Coprinus<\/strong><\/p>\n<p>Autres appellations : Coprin chevelu, Coprinus comatus, Ji Tui Gu,<\/p>\n<p><strong>Histoire :<\/strong><\/p>\n<p>Le coprinus est un champignon riche en prot\u00e9ines et contient de nombreux acides amin\u00e9s essentiels. Il est tr\u00e8s r\u00e9pandu en Europe et a une saveur proche de celle des asperges. Ce champignon vital est mentionn\u00e9 comme aliment dans la culture traditionnelle chinoise. La litt\u00e9rature sp\u00e9cialis\u00e9e d\u00e9crit ce champignon vital de mani\u00e8re exhaustive et il existe de nombreuses \u00e9tudes sur ses composants.<\/p>\n","protected":false},"excerpt":{"rendered":"<p><span style=\"color: #ff0000;\">3x Coprinus bio bocal CHF 258.00 au prix de 1x Coprinus bio paquet avantage CHF 235.00<\/span><\/p>\n<p>G\u00e9lules de Coprinus bio<br \/>\nContenu : 65 g<br \/>\n(130 g\u00e9lules \u00e0 500 mg)<\/p>\n<p><em>1 bocal suffit pour 30 jours<\/em><\/p>\n","protected":false},"author":240,"featured_media":34134,"comment_status":"open","ping_status":"closed","template":"","meta":{"_coblocks_attr":"","_coblocks_dimensions":"","_coblocks_responsive_height":"","_coblocks_accordion_ie_support":""},"product_brand":[],"product_cat":[77,119],"product_tag":[],"class_list":{"0":"post-26760","1":"product","2":"type-product","3":"status-publish","4":"has-post-thumbnail","6":"product_cat-coprinus-fr","7":"product_cat-preparations-a-base-dun-seul-champignon","8":"sales-flash-overlay","9":"woocommerce-text-align-center","10":"woocommerce-image-align-center","11":"do-quantity-buttons","13":"first","14":"instock","15":"taxable","16":"shipping-taxable","17":"purchasable","18":"product-type-simple"},"_links":{"self":[{"href":"https:\/\/www.mykoplan.ch\/fr\/wp-json\/wp\/v2\/product\/26760","targetHints":{"allow":["GET"]}}],"collection":[{"href":"https:\/\/www.mykoplan.ch\/fr\/wp-json\/wp\/v2\/product"}],"about":[{"href":"https:\/\/www.mykoplan.ch\/fr\/wp-json\/wp\/v2\/types\/product"}],"author":[{"embeddable":true,"href":"https:\/\/www.mykoplan.ch\/fr\/wp-json\/wp\/v2\/users\/240"}],"replies":[{"embeddable":true,"href":"https:\/\/www.mykoplan.ch\/fr\/wp-json\/wp\/v2\/comments?post=26760"}],"wp:featuredmedia":[{"embeddable":true,"href":"https:\/\/www.mykoplan.ch\/fr\/wp-json\/wp\/v2\/media\/34134"}],"wp:attachment":[{"href":"https:\/\/www.mykoplan.ch\/fr\/wp-json\/wp\/v2\/media?parent=26760"}],"wp:term":[{"taxonomy":"product_brand","embeddable":true,"href":"https:\/\/www.mykoplan.ch\/fr\/wp-json\/wp\/v2\/product_brand?post=26760"},{"taxonomy":"product_cat","embeddable":true,"href":"https:\/\/www.mykoplan.ch\/fr\/wp-json\/wp\/v2\/product_cat?post=26760"},{"taxonomy":"product_tag","embeddable":true,"href":"https:\/\/www.mykoplan.ch\/fr\/wp-json\/wp\/v2\/product_tag?post=26760"}],"curies":[{"name":"wp","href":"https:\/\/api.w.org\/{rel}","templated":true}]}}