{"id":26655,"date":"2021-07-26T10:57:39","date_gmt":"2021-07-26T08:57:39","guid":{"rendered":"https:\/\/www.mykoplan.ch\/?post_type=product&#038;p=26655"},"modified":"2026-05-01T15:55:12","modified_gmt":"2026-05-01T13:55:12","slug":"relaxsupport-mp90","status":"publish","type":"product","link":"https:\/\/www.mykoplan.ch\/fr\/shop\/ligne-mp\/relaxsupport-mp90\/","title":{"rendered":"RelaxSupport MP90"},"content":{"rendered":"<p>RelaxSupport MP90 a \u00e9t\u00e9 d\u00e9velopp\u00e9 par l\u2019entreprise Mykoplan\u00ae Vitalpilze Schweiz AG et ses partenaires.<\/p>\n<p>Les mati\u00e8res premi\u00e8res biologiques de haute qualit\u00e9 sont trait\u00e9es selon nos normes strictes. Nous garantissons la meilleure qualit\u00e9 au moyen de processus d\u00e9finis et d\u2019une fabrication soign\u00e9e.<\/p>\n<p>RelaxSupport MP90 est un produit naturel innovant. Il contient de la poudre de champignons vitaux de Reishi bio, Hericium bio, Auricularia bio et Lactium\u00ae (4 g\u00e9lules par jour contiennent 300 mg de Lactium\u00ae). Les mati\u00e8res premi\u00e8res sont soigneusement m\u00e9lang\u00e9es pour obtenir une synergie optimale. Gr\u00e2ce \u00e0 un nouveau proc\u00e9d\u00e9 de fabrication brevet\u00e9, nous atteignons en outre une bonne biodisponibilit\u00e9.<\/p>\n<p>Lactium\u00ae est une prot\u00e9ine hydrolys\u00e9e qui a fait l\u2019objet <a href=\"https:\/\/www.mykoplan.ch\/wp-content\/uploads\/2022\/08\/Artikel-LACTIUM-by-INGREDIA.pdf\">d\u2019\u00e9tudes scientifiques<\/a>.<\/p>\n<p>Pour des raisons juridiques, il n\u2019est pas permis en Suisse de faire des d\u00e9clarations sp\u00e9cifiques sur les effets de Lactium\u00ae sur la sant\u00e9. Nous ne pouvons que vous renvoyer aux \u00e9tudes correspondantes. Nous vous remercions pour votre compr\u00e9hension.<\/p>\n<p>Les ingr\u00e9dients sont de la qualit\u00e9 connue Mykoplan\u00ae bio. En raison de son traitement, RelaxSupport MP90 est tr\u00e8s bien accept\u00e9. Gr\u00e2ce \u00e0 un processus de traitement doux, nous atteignons une bonne biodisponibilit\u00e9 de tous les ingr\u00e9dients pr\u00e9cieux. Cela fait de notre produit un rem\u00e8de naturel innovant et unique au monde.<\/p>\n<p><strong>R\u00e9sultat :<\/strong> bonne biodisponibilit\u00e9 des nutriments et substances naturelles sp\u00e9cifiques absorb\u00e9s par l\u2019organisme.<\/p>\n<p><strong>Effet :<\/strong> gr\u00e2ce \u00e0 sa teneur \u00e9lev\u00e9e en Lactium\u00ae, RelaxSupport MP90 apporte un soutien dans des situations sp\u00e9cifiques. Lisez les <a href=\"https:\/\/www.mykoplan.ch\/wp-content\/uploads\/2022\/08\/Artikel-LACTIUM-by-INGREDIA.pdf\">\u00e9tudes scientifiques ici<\/a>.<\/p>\n","protected":false},"excerpt":{"rendered":"<p>RelaxSupport MP90 est un rem\u00e8de naturel innovant compos\u00e9 de <a href=\"https:\/\/www.mykoplan.ch\/fr\/shop\/preparations-a-base-dun-seul-champignon\/reishi-bio\/\">Reishi bio<\/a>, <a href=\"https:\/\/www.mykoplan.ch\/fr\/shop\/preparations-a-base-dun-seul-champignon\/hericium-bio\/\">Hericium bio<\/a> et <a href=\"https:\/\/www.mykoplan.ch\/fr\/shop\/preparations-a-base-dun-seul-champignon\/auricularia-bio\/\">Auricularia bio<\/a>. De plus, RelaxSupport MP90 contient un peptide bioactif sp\u00e9cial dont le nom commercial est Lactium\u00ae. Il existe des \u00e9tudes scientifiques \u00e0 ce sujet que <a href=\"https:\/\/www.mykoplan.ch\/wp-content\/uploads\/2022\/08\/Artikel-LACTIUM-by-INGREDIA.pdf\">vous pouvez lire ici<\/a>.<\/p>\n<p>Relax your life.<\/p>\n<p><img loading=\"lazy\" decoding=\"async\" class=\"alignnone size-full wp-image-10170\" src=\"https:\/\/www.mykoplan.ch\/wp-content\/uploads\/2021\/07\/icon-day-and-night-support-web-min.png\" alt=\"Relax-Support-MP90-Day-and-Night\" width=\"360\" height=\"370\" \/><\/p>\n<p>Contenu : 45 g<br \/>\n(90 g\u00e9lules de 500 mg)<\/p>\n<p><em>1 verre suffit pour 22 jours 1\/2<\/em><\/p>\n","protected":false},"author":240,"featured_media":34034,"comment_status":"open","ping_status":"closed","template":"","meta":{"_coblocks_attr":"","_coblocks_dimensions":"","_coblocks_responsive_height":"","_coblocks_accordion_ie_support":""},"product_brand":[],"product_cat":[85,126],"product_tag":[],"class_list":{"0":"post-26655","1":"product","2":"type-product","3":"status-publish","4":"has-post-thumbnail","6":"product_cat-ligne-mp","7":"product_cat-relaxsupport-mp90","8":"sales-flash-overlay","9":"woocommerce-text-align-center","10":"woocommerce-image-align-center","11":"do-quantity-buttons","13":"first","14":"instock","15":"taxable","16":"shipping-taxable","17":"purchasable","18":"product-type-simple"},"_links":{"self":[{"href":"https:\/\/www.mykoplan.ch\/fr\/wp-json\/wp\/v2\/product\/26655","targetHints":{"allow":["GET"]}}],"collection":[{"href":"https:\/\/www.mykoplan.ch\/fr\/wp-json\/wp\/v2\/product"}],"about":[{"href":"https:\/\/www.mykoplan.ch\/fr\/wp-json\/wp\/v2\/types\/product"}],"author":[{"embeddable":true,"href":"https:\/\/www.mykoplan.ch\/fr\/wp-json\/wp\/v2\/users\/240"}],"replies":[{"embeddable":true,"href":"https:\/\/www.mykoplan.ch\/fr\/wp-json\/wp\/v2\/comments?post=26655"}],"wp:featuredmedia":[{"embeddable":true,"href":"https:\/\/www.mykoplan.ch\/fr\/wp-json\/wp\/v2\/media\/34034"}],"wp:attachment":[{"href":"https:\/\/www.mykoplan.ch\/fr\/wp-json\/wp\/v2\/media?parent=26655"}],"wp:term":[{"taxonomy":"product_brand","embeddable":true,"href":"https:\/\/www.mykoplan.ch\/fr\/wp-json\/wp\/v2\/product_brand?post=26655"},{"taxonomy":"product_cat","embeddable":true,"href":"https:\/\/www.mykoplan.ch\/fr\/wp-json\/wp\/v2\/product_cat?post=26655"},{"taxonomy":"product_tag","embeddable":true,"href":"https:\/\/www.mykoplan.ch\/fr\/wp-json\/wp\/v2\/product_tag?post=26655"}],"curies":[{"name":"wp","href":"https:\/\/api.w.org\/{rel}","templated":true}]}}