{"id":26651,"date":"2019-12-12T07:44:49","date_gmt":"2019-12-12T06:44:49","guid":{"rendered":"https:\/\/www.mykoplan.ch\/?post_type=product&#038;p=26651"},"modified":"2026-04-24T05:48:47","modified_gmt":"2026-04-24T03:48:47","slug":"abm-bio-mushroom-go","status":"publish","type":"product","link":"https:\/\/www.mykoplan.ch\/fr\/shop\/abm-fr\/abm-bio-mushroom-go\/","title":{"rendered":"ABM bio Mushroom GO"},"content":{"rendered":"<p><strong>ABM <\/strong><\/p>\n<p>Autres appellations : Champignon du soleil, Himematsutake<\/p>\n<p><strong>Histoire :<\/strong><\/p>\n<p>Cela ne fait qu\u2019environ quarante-cinq ans qu\u2019au Br\u00e9sil ont \u00e9t\u00e9 d\u00e9couvertes les propri\u00e9t\u00e9s positives du champignon ABM en tant qu\u2019aliment sain. Ce champignon vital est largement d\u00e9crit dans la litt\u00e9rature sp\u00e9cialis\u00e9e et il existe de nombreuses \u00e9tudes sur ses composants.<\/p>\n","protected":false},"excerpt":{"rendered":"<p>G\u00e9lules d\u2019ABM bio<br \/>\nContenu : 20 g<br \/>\n(40 g\u00e9lules \u00e0 500 mg)<\/p>\n<p><em>Produit suffisant pour 10 jours<\/em><\/p>\n","protected":false},"author":240,"featured_media":34038,"comment_status":"open","ping_status":"closed","template":"","meta":{"_coblocks_attr":"","_coblocks_dimensions":"","_coblocks_responsive_height":"","_coblocks_accordion_ie_support":""},"product_brand":[],"product_cat":[73,88],"product_tag":[],"class_list":{"0":"post-26651","1":"product","2":"type-product","3":"status-publish","4":"has-post-thumbnail","6":"product_cat-abm-fr","7":"product_cat-mushroom-go-fr","8":"sales-flash-overlay","9":"woocommerce-text-align-center","10":"woocommerce-image-align-center","11":"do-quantity-buttons","13":"first","14":"instock","15":"sale","16":"taxable","17":"shipping-taxable","18":"purchasable","19":"product-type-simple"},"_links":{"self":[{"href":"https:\/\/www.mykoplan.ch\/fr\/wp-json\/wp\/v2\/product\/26651","targetHints":{"allow":["GET"]}}],"collection":[{"href":"https:\/\/www.mykoplan.ch\/fr\/wp-json\/wp\/v2\/product"}],"about":[{"href":"https:\/\/www.mykoplan.ch\/fr\/wp-json\/wp\/v2\/types\/product"}],"author":[{"embeddable":true,"href":"https:\/\/www.mykoplan.ch\/fr\/wp-json\/wp\/v2\/users\/240"}],"replies":[{"embeddable":true,"href":"https:\/\/www.mykoplan.ch\/fr\/wp-json\/wp\/v2\/comments?post=26651"}],"wp:featuredmedia":[{"embeddable":true,"href":"https:\/\/www.mykoplan.ch\/fr\/wp-json\/wp\/v2\/media\/34038"}],"wp:attachment":[{"href":"https:\/\/www.mykoplan.ch\/fr\/wp-json\/wp\/v2\/media?parent=26651"}],"wp:term":[{"taxonomy":"product_brand","embeddable":true,"href":"https:\/\/www.mykoplan.ch\/fr\/wp-json\/wp\/v2\/product_brand?post=26651"},{"taxonomy":"product_cat","embeddable":true,"href":"https:\/\/www.mykoplan.ch\/fr\/wp-json\/wp\/v2\/product_cat?post=26651"},{"taxonomy":"product_tag","embeddable":true,"href":"https:\/\/www.mykoplan.ch\/fr\/wp-json\/wp\/v2\/product_tag?post=26651"}],"curies":[{"name":"wp","href":"https:\/\/api.w.org\/{rel}","templated":true}]}}