{"id":26650,"date":"2022-06-28T10:44:02","date_gmt":"2022-06-28T08:44:02","guid":{"rendered":"https:\/\/www.mykoplan.ch\/?post_type=product&#038;p=26650"},"modified":"2026-05-01T15:52:35","modified_gmt":"2026-05-01T13:52:35","slug":"brainsupport-mp90-paquet-avantage","status":"publish","type":"product","link":"https:\/\/www.mykoplan.ch\/fr\/shop\/brainsupport-mp90\/brainsupport-mp90-paquet-avantage\/","title":{"rendered":"BrainSupport MP90 paquet avantage"},"content":{"rendered":"<p><img loading=\"lazy\" decoding=\"async\" class=\"alignright wp-image-15574 size-medium\" src=\"https:\/\/www.mykoplan.ch\/wp-content\/uploads\/2022\/06\/presale-nl-7-500x325.jpg\" alt=\"\" width=\"500\" height=\"325\" srcset=\"https:\/\/www.mykoplan.ch\/wp-content\/uploads\/2022\/06\/presale-nl-7-500x325.jpg 500w, https:\/\/www.mykoplan.ch\/wp-content\/uploads\/2022\/06\/presale-nl-7.jpg 553w\" sizes=\"auto, (max-width: 500px) 100vw, 500px\" \/><\/p>\n<p>BrainSupport MP90 est utilis\u00e9 pendant les p\u00e9riodes d\u2019effort mental accru et de fatigue et pour soutenir le syst\u00e8me nerveux.<\/p>\n<p>BrainSupport MP90 a \u00e9t\u00e9 d\u00e9velopp\u00e9 par la soci\u00e9t\u00e9 Mykoplan\u00ae Vitalpilze Schweiz AG. Les mati\u00e8res premi\u00e8res de haute qualit\u00e9 sont trait\u00e9es conform\u00e9ment \u00e0 nos normes. Gr\u00e2ce \u00e0 des processus contr\u00f4l\u00e9s et \u00e0 une production minutieuse, nous garantissons la meilleure qualit\u00e9.<\/p>\n<p>BrainSupport MP90 est une nouveaut\u00e9 en tant que compl\u00e9ment alimentaire. Il contient un complexe synergique hybride innovant de champignons vitaux bio, de Neumentix\u00ae, de Cognizin\u00ae, d\u2019extrait de th\u00e9 vert, de NADH, de L-tyrosine et de vitamine B6. Les ingr\u00e9dients sont soigneusement \u00e9quilibr\u00e9s et trait\u00e9s avec soin.<\/p>\n<p>Les champignons vitaux bio reishi et bio hericium disposent de la qualit\u00e9 bio Mykoplan\u00ae bien connue et certifi\u00e9e. Le m\u00e9lange de champignons vitaux bio a \u00e9t\u00e9 scientifiquement associ\u00e9 \u00e0 des substances naturelles s\u00e9lectionn\u00e9es parmi l\u2019extrait de menthe (Neumentix\u00ae), l\u2019extrait de sauge, la citicoline (Cognizin\u00ae), l\u2019extrait de th\u00e9 vert, le NADH, la L-tyrosine et la vitamine B6 pour former un rem\u00e8de naturel hybride unique au monde.<\/p>\n<p><strong>R\u00e9sultat :<\/strong> des ingr\u00e9dients enrichis au maximum et \u00e9tudi\u00e9s scientifiquement, bien assimil\u00e9s par l\u2019organisme.<\/p>\n<p><strong>Effet :<\/strong> gr\u00e2ce \u00e0 sa teneur \u00e9lev\u00e9e en vitamine B6, BrainSupport MP90 contribue \u00e0 un m\u00e9tabolisme \u00e9nerg\u00e9tique normal, \u00e0 un fonctionnement normal du syst\u00e8me nerveux, \u00e0 une fonction psychique normale, \u00e0 la r\u00e9duction de la fatigue et de l\u2019\u00e9puisement et \u00e0 la r\u00e9gulation de l\u2019activit\u00e9 hormonale.<\/p>\n<p>Vous pouvez lire des \u00e9tudes scientifiques sur Neumentix\u00ae, Cognizin\u00ae, l\u2019extrait de th\u00e9 vert, le NADH, la L-tyrosine et la vitamine B6 ici :<\/p>\n<ul>\n<li><a href=\"https:\/\/www.mykoplan.ch\/wp-content\/uploads\/2022\/10\/160503_Cognivia_Brochure_En.pdf\" target=\"_blank\" rel=\"noopener\">Cognivia: Unique natural combination of Sage extracts for cognitive performance<\/a><\/li>\n<li><a href=\"https:\/\/www.mykoplan.ch\/wp-content\/uploads\/2022\/10\/Kemin_Neumentix_study_FINAL_PDF_20201204.pdf\" target=\"_blank\" rel=\"noopener\">Kemin: Preclinical Study of Neumentix\u2122 Illuminates Mechanism of Action in the Natural Antioxidant for Cognitive Performance<\/a><\/li>\n<li><a href=\"https:\/\/www.mykoplan.ch\/wp-content\/uploads\/2022\/10\/Kemin_NEW_RESEARCH_SHOWS_NEUMENTIX_AS_PROTECTIVE_20201204.pdf\" target=\"_blank\" rel=\"noopener\">Kemin: Science that Grows<\/a><\/li>\n<li><a href=\"https:\/\/www.mykoplan.ch\/wp-content\/uploads\/2022\/10\/nutrients-13-00218.pdf\" target=\"_blank\" rel=\"noopener\">Nutrients: The Acute and Chronic Cognitive Effects of a Sage Extract: A Randomized, Placebo Controlled Study in Healthy Humans<\/a><\/li>\n<\/ul>\n<p>Pour des raisons juridiques, il n\u2019est pas autoris\u00e9 en Suisse de faire des d\u00e9clarations sp\u00e9cifiques \u00e0 la sant\u00e9 sur les effets du Neumentix\u00ae, du Cognizin\u00ae, de l\u2019extrait de th\u00e9 vert, du NADH et de la L-tyrosine. Nous ne pouvons que vous renvoyer aux \u00e9tudes correspondantes. Nous vous remercions pour votre compr\u00e9hension.<\/p>\n","protected":false},"excerpt":{"rendered":"<p>BrainSupport MP90 est un nouveau produit naturel innovant. Il existe des \u00e9tudes scientifiques \u00e0 ce sujet, que vous pouvez lire <a href=\"https:\/\/www.mykoplan.ch\/wp-content\/uploads\/2022\/10\/160503_Cognivia_Brochure_En.pdf\" target=\"_blank\" rel=\"noopener\">ici<\/a>, <a href=\"https:\/\/www.mykoplan.ch\/wp-content\/uploads\/2022\/10\/Kemin_Neumentix_study_FINAL_PDF_20201204.pdf\" target=\"_blank\" rel=\"noopener\">ici<\/a>, <a href=\"https:\/\/www.mykoplan.ch\/wp-content\/uploads\/2022\/10\/Kemin_NEW_RESEARCH_SHOWS_NEUMENTIX_AS_PROTECTIVE_20201204.pdf\" target=\"_blank\" rel=\"noopener\">ici<\/a> et <a href=\"https:\/\/www.mykoplan.ch\/wp-content\/uploads\/2022\/10\/nutrients-13-00218.pdf\" target=\"_blank\" rel=\"noopener\">ici<\/a>. Ce compl\u00e9ment alimentaire hybride de champignons vitaux, de substances v\u00e9g\u00e9tales, de vitamines, d\u2019acides amin\u00e9s et d\u2019enzymes contient du Ganoderma lucidum bio, du Hericium erinaceus bio, de l\u2019extrait de menthe (Neumentix\u00ae), de l\u2019extrait de sauge, de la citicoline (Cognizin\u00ae), de la L-tyrosine, de l\u2019extrait de th\u00e9 vert, du NADH et de la vitamine B6.<\/p>\n<p><strong>Unique au monde ! No more brain fog &#8211; BrainSupport MP90<\/strong><\/p>\n<p><img loading=\"lazy\" decoding=\"async\" class=\"alignnone wp-image-15514\" src=\"https:\/\/www.mykoplan.ch\/wp-content\/uploads\/2022\/06\/brainsupport-vorschlag-3-1-min.jpg\" alt=\"\" width=\"360\" height=\"370\" srcset=\"https:\/\/www.mykoplan.ch\/wp-content\/uploads\/2022\/06\/brainsupport-vorschlag-3-1-min.jpg 802w, https:\/\/www.mykoplan.ch\/wp-content\/uploads\/2022\/06\/brainsupport-vorschlag-3-1-min-486x500.jpg 486w, https:\/\/www.mykoplan.ch\/wp-content\/uploads\/2022\/06\/brainsupport-vorschlag-3-1-min-768x790.jpg 768w, https:\/\/www.mykoplan.ch\/wp-content\/uploads\/2022\/06\/brainsupport-vorschlag-3-1-min-576x593.jpg 576w\" sizes=\"auto, (max-width: 360px) 100vw, 360px\" \/><\/p>\n<p><strong>1 x bocal en verre (BrainSupport MP90)<\/strong><br \/>\nContenu : 51,525 g<br \/>\n(90 g\u00e9lules \u00e0 mg)<\/p>\n<p><strong>1 x recharge (BrainSupport MP90)<br \/>\n<\/strong>Contenu : 103,05 g<br \/>\n(180 g\u00e9lules \u00e0 572,50mg)<\/p>\n<p><em>Produits suffisants pour 45 jours<\/em><\/p>\n","protected":false},"author":240,"featured_media":34168,"comment_status":"open","ping_status":"closed","template":"","meta":{"_coblocks_attr":"","_coblocks_dimensions":"","_coblocks_responsive_height":"","_coblocks_accordion_ie_support":""},"product_brand":[],"product_cat":[121,85],"product_tag":[],"class_list":{"0":"post-26650","1":"product","2":"type-product","3":"status-publish","4":"has-post-thumbnail","6":"product_cat-brainsupport-mp90","7":"product_cat-ligne-mp","8":"sales-flash-overlay","9":"woocommerce-text-align-center","10":"woocommerce-image-align-center","11":"do-quantity-buttons","13":"first","14":"instock","15":"taxable","16":"shipping-taxable","17":"purchasable","18":"product-type-simple"},"_links":{"self":[{"href":"https:\/\/www.mykoplan.ch\/fr\/wp-json\/wp\/v2\/product\/26650","targetHints":{"allow":["GET"]}}],"collection":[{"href":"https:\/\/www.mykoplan.ch\/fr\/wp-json\/wp\/v2\/product"}],"about":[{"href":"https:\/\/www.mykoplan.ch\/fr\/wp-json\/wp\/v2\/types\/product"}],"author":[{"embeddable":true,"href":"https:\/\/www.mykoplan.ch\/fr\/wp-json\/wp\/v2\/users\/240"}],"replies":[{"embeddable":true,"href":"https:\/\/www.mykoplan.ch\/fr\/wp-json\/wp\/v2\/comments?post=26650"}],"wp:featuredmedia":[{"embeddable":true,"href":"https:\/\/www.mykoplan.ch\/fr\/wp-json\/wp\/v2\/media\/34168"}],"wp:attachment":[{"href":"https:\/\/www.mykoplan.ch\/fr\/wp-json\/wp\/v2\/media?parent=26650"}],"wp:term":[{"taxonomy":"product_brand","embeddable":true,"href":"https:\/\/www.mykoplan.ch\/fr\/wp-json\/wp\/v2\/product_brand?post=26650"},{"taxonomy":"product_cat","embeddable":true,"href":"https:\/\/www.mykoplan.ch\/fr\/wp-json\/wp\/v2\/product_cat?post=26650"},{"taxonomy":"product_tag","embeddable":true,"href":"https:\/\/www.mykoplan.ch\/fr\/wp-json\/wp\/v2\/product_tag?post=26650"}],"curies":[{"name":"wp","href":"https:\/\/api.w.org\/{rel}","templated":true}]}}