{"id":26632,"date":"2018-07-03T08:17:21","date_gmt":"2018-07-03T06:17:21","guid":{"rendered":"https:\/\/www.mykoplan.ch\/?post_type=product&#038;p=26632"},"modified":"2026-05-01T15:52:13","modified_gmt":"2026-05-01T13:52:13","slug":"shiitake-bio","status":"publish","type":"product","link":"https:\/\/www.mykoplan.ch\/fr\/shop\/preparations-a-base-dun-seul-champignon\/shiitake-bio\/","title":{"rendered":"Shiitak\u00e9 bio"},"content":{"rendered":"<p><strong>Shiitak\u00e9<\/strong><\/p>\n<p>Autres appellations : Champignon parfum\u00e9, Lentinula edodes, Hua Gu<\/p>\n<p><strong>Histoire :<\/strong><\/p>\n<p>Le shiitak\u00e9 est mentionn\u00e9 dans les \u00e9crits de la culture chinoise il y a 2000 ans. Il est tr\u00e8s appr\u00e9ci\u00e9 pour son go\u00fbt savoureux et ses pr\u00e9cieux composants. Consid\u00e9r\u00e9 comme le \u00abroi des champignons\u00bb, c\u2019est un aliment populaire et recherch\u00e9. Sa culture a commenc\u00e9 d\u00e8s l\u2019an 1000 de notre \u00e8re, ce qui doit \u00eatre consid\u00e9r\u00e9 comme un indice clair de sa grande valeur. Ce champignon vital est largement d\u00e9crit dans la litt\u00e9rature sp\u00e9cialis\u00e9e et il existe de nombreuses \u00e9tudes sur ses composants.<\/p>\n","protected":false},"excerpt":{"rendered":"<p>Shiitak\u00e9 bio en g\u00e9lules<br \/>\nContenu : 65 g<br \/>\n(130 g\u00e9lules \u00e0 500 mg)<\/p>\n<p><em>Produit suffisant pour 30 jours<\/em><\/p>\n","protected":false},"author":240,"featured_media":34036,"comment_status":"open","ping_status":"closed","template":"","meta":{"_coblocks_attr":"","_coblocks_dimensions":"","_coblocks_responsive_height":"","_coblocks_accordion_ie_support":""},"product_brand":[],"product_cat":[119,84],"product_tag":[],"class_list":{"0":"post-26632","1":"product","2":"type-product","3":"status-publish","4":"has-post-thumbnail","6":"product_cat-preparations-a-base-dun-seul-champignon","7":"product_cat-shiitake-fr","8":"sales-flash-overlay","9":"woocommerce-text-align-center","10":"woocommerce-image-align-center","11":"do-quantity-buttons","13":"first","14":"instock","15":"taxable","16":"shipping-taxable","17":"purchasable","18":"product-type-simple"},"_links":{"self":[{"href":"https:\/\/www.mykoplan.ch\/fr\/wp-json\/wp\/v2\/product\/26632","targetHints":{"allow":["GET"]}}],"collection":[{"href":"https:\/\/www.mykoplan.ch\/fr\/wp-json\/wp\/v2\/product"}],"about":[{"href":"https:\/\/www.mykoplan.ch\/fr\/wp-json\/wp\/v2\/types\/product"}],"author":[{"embeddable":true,"href":"https:\/\/www.mykoplan.ch\/fr\/wp-json\/wp\/v2\/users\/240"}],"replies":[{"embeddable":true,"href":"https:\/\/www.mykoplan.ch\/fr\/wp-json\/wp\/v2\/comments?post=26632"}],"wp:featuredmedia":[{"embeddable":true,"href":"https:\/\/www.mykoplan.ch\/fr\/wp-json\/wp\/v2\/media\/34036"}],"wp:attachment":[{"href":"https:\/\/www.mykoplan.ch\/fr\/wp-json\/wp\/v2\/media?parent=26632"}],"wp:term":[{"taxonomy":"product_brand","embeddable":true,"href":"https:\/\/www.mykoplan.ch\/fr\/wp-json\/wp\/v2\/product_brand?post=26632"},{"taxonomy":"product_cat","embeddable":true,"href":"https:\/\/www.mykoplan.ch\/fr\/wp-json\/wp\/v2\/product_cat?post=26632"},{"taxonomy":"product_tag","embeddable":true,"href":"https:\/\/www.mykoplan.ch\/fr\/wp-json\/wp\/v2\/product_tag?post=26632"}],"curies":[{"name":"wp","href":"https:\/\/api.w.org\/{rel}","templated":true}]}}