{"id":26607,"date":"2019-10-15T07:10:29","date_gmt":"2019-10-15T05:10:29","guid":{"rendered":"https:\/\/www.mykoplan.ch\/?post_type=product&#038;p=26607"},"modified":"2026-05-01T15:52:12","modified_gmt":"2026-05-01T13:52:12","slug":"pleurotus-bio-recharge","status":"publish","type":"product","link":"https:\/\/www.mykoplan.ch\/fr\/shop\/pleurotus-fr\/pleurotus-bio-recharge\/","title":{"rendered":"Pleurotus bio recharge"},"content":{"rendered":"<p><strong>Pleurotus<\/strong><\/p>\n<p>Autres appellations : Pleurotus en hu\u00eetre, Pleurotus ostreatus, Ping Gu<\/p>\n<p><strong>Histoire :<\/strong><\/p>\n<p>C\u2019est le champignon le plus populaire au monde, avant le champignon de Paris, avec une saveur remarquable. Il n\u2019est pas seulement utilis\u00e9 comme ingr\u00e9dient culinaire, mais aussi comme aliment sain. Il est riche en vitamines et en composants essentiels. Ce champignon vital est largement d\u00e9crit dans la litt\u00e9rature sp\u00e9cialis\u00e9e et il existe de nombreuses \u00e9tudes sur ses composants.<\/p>\n","protected":false},"excerpt":{"rendered":"<p>Pleurotus bio en g\u00e9lules<br \/>\nContenu : 130 g<br \/>\n(260 g\u00e9lules \u00e0 500 mg)<\/p>\n<p><em>Produit suffisant pour 2 mois<\/em><\/p>\n","protected":false},"author":240,"featured_media":34076,"comment_status":"open","ping_status":"closed","template":"","meta":{"_coblocks_attr":"","_coblocks_dimensions":"","_coblocks_responsive_height":"","_coblocks_accordion_ie_support":""},"product_brand":[],"product_cat":[81,119],"product_tag":[],"class_list":{"0":"post-26607","1":"product","2":"type-product","3":"status-publish","4":"has-post-thumbnail","6":"product_cat-pleurotus-fr","7":"product_cat-preparations-a-base-dun-seul-champignon","8":"sales-flash-overlay","9":"woocommerce-text-align-center","10":"woocommerce-image-align-center","11":"do-quantity-buttons","13":"first","14":"instock","15":"taxable","16":"shipping-taxable","17":"purchasable","18":"product-type-simple"},"_links":{"self":[{"href":"https:\/\/www.mykoplan.ch\/fr\/wp-json\/wp\/v2\/product\/26607","targetHints":{"allow":["GET"]}}],"collection":[{"href":"https:\/\/www.mykoplan.ch\/fr\/wp-json\/wp\/v2\/product"}],"about":[{"href":"https:\/\/www.mykoplan.ch\/fr\/wp-json\/wp\/v2\/types\/product"}],"author":[{"embeddable":true,"href":"https:\/\/www.mykoplan.ch\/fr\/wp-json\/wp\/v2\/users\/240"}],"replies":[{"embeddable":true,"href":"https:\/\/www.mykoplan.ch\/fr\/wp-json\/wp\/v2\/comments?post=26607"}],"wp:featuredmedia":[{"embeddable":true,"href":"https:\/\/www.mykoplan.ch\/fr\/wp-json\/wp\/v2\/media\/34076"}],"wp:attachment":[{"href":"https:\/\/www.mykoplan.ch\/fr\/wp-json\/wp\/v2\/media?parent=26607"}],"wp:term":[{"taxonomy":"product_brand","embeddable":true,"href":"https:\/\/www.mykoplan.ch\/fr\/wp-json\/wp\/v2\/product_brand?post=26607"},{"taxonomy":"product_cat","embeddable":true,"href":"https:\/\/www.mykoplan.ch\/fr\/wp-json\/wp\/v2\/product_cat?post=26607"},{"taxonomy":"product_tag","embeddable":true,"href":"https:\/\/www.mykoplan.ch\/fr\/wp-json\/wp\/v2\/product_tag?post=26607"}],"curies":[{"name":"wp","href":"https:\/\/api.w.org\/{rel}","templated":true}]}}