{"id":26569,"date":"2019-12-12T07:44:49","date_gmt":"2019-12-12T06:44:49","guid":{"rendered":"https:\/\/www.mykoplan.ch\/?post_type=product&#038;p=26569"},"modified":"2026-05-01T15:52:11","modified_gmt":"2026-05-01T13:52:11","slug":"cordyceps-bio-mushroom-go","status":"publish","type":"product","link":"https:\/\/www.mykoplan.ch\/fr\/shop\/cordyceps-fr\/cordyceps-bio-mushroom-go\/","title":{"rendered":"Cordyceps bio Mushroom GO"},"content":{"rendered":"<p><strong>Cordyceps<\/strong><\/p>\n<p>Autres appellations : Cordyceps sinensis, Dong Chong Xia Cao, Tochukaso<\/p>\n<p><strong>Histoire :<\/strong><\/p>\n<p>Le Cordyceps sinensis pousse normalement sur les hauts plateaux tib\u00e9tains. Sa pr\u00e9sence est rare, c\u2019est pourquoi le prix du cordyceps sauvage est tr\u00e8s \u00e9lev\u00e9. Gr\u00e2ce \u00e0 ses pr\u00e9cieux composants, le cordyceps est tr\u00e8s connu et tr\u00e8s appr\u00e9ci\u00e9. Le proc\u00e9d\u00e9 de culture brevet\u00e9 a permis de produire une qualit\u00e9 tr\u00e8s \u00e9lev\u00e9e. Ce champignon vital est largement d\u00e9crit dans la litt\u00e9rature sp\u00e9cialis\u00e9e et il existe de nombreuses \u00e9tudes sur ses composants.<\/p>\n<p>En ce qui concerne le cordyceps, vous pouvez lire ici une \u00e9tude scientifique r\u00e9alis\u00e9e par Leandra Sherin Orschel en Suisse :<\/p>\n<p><a href=\"https:\/\/www.mykoplan.ch\/wp-content\/uploads\/2023\/11\/Orschel_Leandra-Sherin_A20b_MA_WET.pdf\" target=\"_blank\" rel=\"noopener\">Le pouvoir d\u2019am\u00e9lioration des performances des champignons vitaux Cordyceps : les performances physiques peuvent-elles \u00eatre am\u00e9lior\u00e9es par le champignon vital Cordyceps ?<\/a><\/p>\n<p>Pour des raisons juridiques, il n\u2019est pas autoris\u00e9 en Suisse de faire des d\u00e9clarations sp\u00e9cifiques sur la sant\u00e9 concernant les effets du Cordyceps sinensis. Nous ne pouvons que vous renvoyer aux \u00e9tudes correspondantes. Nous vous remercions pour votre compr\u00e9hension.<\/p>\n","protected":false},"excerpt":{"rendered":"<p>Compl\u00e9ment alimentaire \u00e0 base de Cordyceps sinensis bio et de vitamine C issue de Acerola bio.<br \/>\nContenu : 21,92 g<br \/>\n(40 g\u00e9lules \u00e0 548 mg)<\/p>\n<p><em>Produit suffisant pour 10 jours<\/em><\/p>\n","protected":false},"author":240,"featured_media":34040,"comment_status":"open","ping_status":"closed","template":"","meta":{"_coblocks_attr":"","_coblocks_dimensions":"","_coblocks_responsive_height":"","_coblocks_accordion_ie_support":""},"product_brand":[],"product_cat":[78,88,119],"product_tag":[],"class_list":{"0":"post-26569","1":"product","2":"type-product","3":"status-publish","4":"has-post-thumbnail","6":"product_cat-cordyceps-fr","7":"product_cat-mushroom-go-fr","8":"product_cat-preparations-a-base-dun-seul-champignon","9":"sales-flash-overlay","10":"woocommerce-text-align-center","11":"woocommerce-image-align-center","12":"do-quantity-buttons","14":"first","15":"instock","16":"sale","17":"taxable","18":"shipping-taxable","19":"purchasable","20":"product-type-simple"},"_links":{"self":[{"href":"https:\/\/www.mykoplan.ch\/fr\/wp-json\/wp\/v2\/product\/26569","targetHints":{"allow":["GET"]}}],"collection":[{"href":"https:\/\/www.mykoplan.ch\/fr\/wp-json\/wp\/v2\/product"}],"about":[{"href":"https:\/\/www.mykoplan.ch\/fr\/wp-json\/wp\/v2\/types\/product"}],"author":[{"embeddable":true,"href":"https:\/\/www.mykoplan.ch\/fr\/wp-json\/wp\/v2\/users\/240"}],"replies":[{"embeddable":true,"href":"https:\/\/www.mykoplan.ch\/fr\/wp-json\/wp\/v2\/comments?post=26569"}],"wp:featuredmedia":[{"embeddable":true,"href":"https:\/\/www.mykoplan.ch\/fr\/wp-json\/wp\/v2\/media\/34040"}],"wp:attachment":[{"href":"https:\/\/www.mykoplan.ch\/fr\/wp-json\/wp\/v2\/media?parent=26569"}],"wp:term":[{"taxonomy":"product_brand","embeddable":true,"href":"https:\/\/www.mykoplan.ch\/fr\/wp-json\/wp\/v2\/product_brand?post=26569"},{"taxonomy":"product_cat","embeddable":true,"href":"https:\/\/www.mykoplan.ch\/fr\/wp-json\/wp\/v2\/product_cat?post=26569"},{"taxonomy":"product_tag","embeddable":true,"href":"https:\/\/www.mykoplan.ch\/fr\/wp-json\/wp\/v2\/product_tag?post=26569"}],"curies":[{"name":"wp","href":"https:\/\/api.w.org\/{rel}","templated":true}]}}