{"id":26559,"date":"2018-07-03T08:12:16","date_gmt":"2018-07-03T06:12:16","guid":{"rendered":"https:\/\/www.mykoplan.ch\/?post_type=product&#038;p=26559"},"modified":"2026-05-01T15:52:10","modified_gmt":"2026-05-01T13:52:10","slug":"champignon-bio","status":"publish","type":"product","link":"https:\/\/www.mykoplan.ch\/fr\/shop\/champignon-fr\/champignon-bio\/","title":{"rendered":"Champignon bio"},"content":{"rendered":"<p><strong>Champignon de Paris<\/strong><\/p>\n<p>Autres appellations : Egerling \u00e0 deux pores, Agaricus bisporus, Mo Gu<\/p>\n<p><strong>Histoire :<\/strong><\/p>\n<p>Le champignon de Paris est l\u2019un des champignons comestibles les plus consomm\u00e9s au monde. Ce qui est moins connu, c\u2019est son utilisation pour ses pr\u00e9cieux composants. Tout comme l\u2019Agaricus Blazei Murrill, ce champignon appartient \u00e0 la famille des tanins. Cela justifie son utilisation comme aliment sain. Ce champignon vital est largement d\u00e9crit dans la litt\u00e9rature sp\u00e9cialis\u00e9e et il existe de nombreuses \u00e9tudes sur ses composants.<\/p>\n","protected":false},"excerpt":{"rendered":"<p>G\u00e9lules de champignon bio<br \/>\nContenu : 65 g<br \/>\n(130 g\u00e9lules \u00e0 500 mg)<\/p>\n<p><em>Produit suffisant pour 30 jours<\/em><\/p>\n","protected":false},"author":240,"featured_media":34006,"comment_status":"open","ping_status":"closed","template":"","meta":{"_coblocks_attr":"","_coblocks_dimensions":"","_coblocks_responsive_height":"","_coblocks_accordion_ie_support":""},"product_brand":[],"product_cat":[76,119],"product_tag":[],"class_list":{"0":"post-26559","1":"product","2":"type-product","3":"status-publish","4":"has-post-thumbnail","6":"product_cat-champignon-fr","7":"product_cat-preparations-a-base-dun-seul-champignon","8":"sales-flash-overlay","9":"woocommerce-text-align-center","10":"woocommerce-image-align-center","11":"do-quantity-buttons","13":"first","14":"instock","15":"taxable","16":"shipping-taxable","17":"purchasable","18":"product-type-simple"},"_links":{"self":[{"href":"https:\/\/www.mykoplan.ch\/fr\/wp-json\/wp\/v2\/product\/26559","targetHints":{"allow":["GET"]}}],"collection":[{"href":"https:\/\/www.mykoplan.ch\/fr\/wp-json\/wp\/v2\/product"}],"about":[{"href":"https:\/\/www.mykoplan.ch\/fr\/wp-json\/wp\/v2\/types\/product"}],"author":[{"embeddable":true,"href":"https:\/\/www.mykoplan.ch\/fr\/wp-json\/wp\/v2\/users\/240"}],"replies":[{"embeddable":true,"href":"https:\/\/www.mykoplan.ch\/fr\/wp-json\/wp\/v2\/comments?post=26559"}],"wp:featuredmedia":[{"embeddable":true,"href":"https:\/\/www.mykoplan.ch\/fr\/wp-json\/wp\/v2\/media\/34006"}],"wp:attachment":[{"href":"https:\/\/www.mykoplan.ch\/fr\/wp-json\/wp\/v2\/media?parent=26559"}],"wp:term":[{"taxonomy":"product_brand","embeddable":true,"href":"https:\/\/www.mykoplan.ch\/fr\/wp-json\/wp\/v2\/product_brand?post=26559"},{"taxonomy":"product_cat","embeddable":true,"href":"https:\/\/www.mykoplan.ch\/fr\/wp-json\/wp\/v2\/product_cat?post=26559"},{"taxonomy":"product_tag","embeddable":true,"href":"https:\/\/www.mykoplan.ch\/fr\/wp-json\/wp\/v2\/product_tag?post=26559"}],"curies":[{"name":"wp","href":"https:\/\/api.w.org\/{rel}","templated":true}]}}