{"id":26556,"date":"2018-07-03T08:11:35","date_gmt":"2018-07-03T06:11:35","guid":{"rendered":"https:\/\/www.mykoplan.ch\/?post_type=product&#038;p=26556"},"modified":"2026-05-01T15:52:10","modified_gmt":"2026-05-01T13:52:10","slug":"chaga-bio","status":"publish","type":"product","link":"https:\/\/www.mykoplan.ch\/fr\/shop\/chaga-fr\/chaga-bio\/","title":{"rendered":"Chaga bio"},"content":{"rendered":"<p><strong>Chaga<\/strong><\/p>\n<p>Autres appellations : Chaga ardoise, Inonotus obliquus, Hua Shugu<\/p>\n<p><strong>Histoire :<\/strong><\/p>\n<p>Le chaga pousse sur diff\u00e9rents feuillus, notamment sur les bouleaux, dans les zones foresti\u00e8res humides de Russie, de Finlande et d\u2019Am\u00e9rique du Nord. Son utilisation externe et interne est une tradition s\u00e9culaire et ses propri\u00e9t\u00e9s de soutien de la sant\u00e9 sont tr\u00e8s connues. Ce champignon vital est largement d\u00e9crit dans la litt\u00e9rature sp\u00e9cialis\u00e9e et il existe de nombreuses \u00e9tudes sur ses composants.<\/p>\n","protected":false},"excerpt":{"rendered":"<p>G\u00e9lules de chaga bio<br \/>\nContenu : 65 g<br \/>\n(130 g\u00e9lules \u00e0 500 mg)<\/p>\n<p><em>Produit suffisant pour 30 jours<\/em><\/p>\n","protected":false},"author":240,"featured_media":34004,"comment_status":"open","ping_status":"closed","template":"","meta":{"_coblocks_attr":"","_coblocks_dimensions":"","_coblocks_responsive_height":"","_coblocks_accordion_ie_support":""},"product_brand":[],"product_cat":[75,119],"product_tag":[],"class_list":{"0":"post-26556","1":"product","2":"type-product","3":"status-publish","4":"has-post-thumbnail","6":"product_cat-chaga-fr","7":"product_cat-preparations-a-base-dun-seul-champignon","8":"sales-flash-overlay","9":"woocommerce-text-align-center","10":"woocommerce-image-align-center","11":"do-quantity-buttons","13":"first","14":"instock","15":"sale","16":"taxable","17":"shipping-taxable","18":"purchasable","19":"product-type-simple"},"_links":{"self":[{"href":"https:\/\/www.mykoplan.ch\/fr\/wp-json\/wp\/v2\/product\/26556","targetHints":{"allow":["GET"]}}],"collection":[{"href":"https:\/\/www.mykoplan.ch\/fr\/wp-json\/wp\/v2\/product"}],"about":[{"href":"https:\/\/www.mykoplan.ch\/fr\/wp-json\/wp\/v2\/types\/product"}],"author":[{"embeddable":true,"href":"https:\/\/www.mykoplan.ch\/fr\/wp-json\/wp\/v2\/users\/240"}],"replies":[{"embeddable":true,"href":"https:\/\/www.mykoplan.ch\/fr\/wp-json\/wp\/v2\/comments?post=26556"}],"wp:featuredmedia":[{"embeddable":true,"href":"https:\/\/www.mykoplan.ch\/fr\/wp-json\/wp\/v2\/media\/34004"}],"wp:attachment":[{"href":"https:\/\/www.mykoplan.ch\/fr\/wp-json\/wp\/v2\/media?parent=26556"}],"wp:term":[{"taxonomy":"product_brand","embeddable":true,"href":"https:\/\/www.mykoplan.ch\/fr\/wp-json\/wp\/v2\/product_brand?post=26556"},{"taxonomy":"product_cat","embeddable":true,"href":"https:\/\/www.mykoplan.ch\/fr\/wp-json\/wp\/v2\/product_cat?post=26556"},{"taxonomy":"product_tag","embeddable":true,"href":"https:\/\/www.mykoplan.ch\/fr\/wp-json\/wp\/v2\/product_tag?post=26556"}],"curies":[{"name":"wp","href":"https:\/\/api.w.org\/{rel}","templated":true}]}}