{"id":26551,"date":"2018-06-25T10:31:06","date_gmt":"2018-06-25T08:31:06","guid":{"rendered":"https:\/\/www.mykoplan.ch\/?post_type=product&#038;p=26551"},"modified":"2026-05-01T15:52:10","modified_gmt":"2026-05-01T13:52:10","slug":"auricularia-bio","status":"publish","type":"product","link":"https:\/\/www.mykoplan.ch\/fr\/shop\/auricularia-fr\/auricularia-bio\/","title":{"rendered":"Auricularia bio"},"content":{"rendered":"<p><strong>Auricularia<\/strong><\/p>\n<p>Autres appellations : Oreille de Judas, Auricularia auricula, Mu-Err<\/p>\n<p><strong>Histoire :<\/strong><\/p>\n<p>Cette oreille de Judas est consid\u00e9r\u00e9e comme l\u2019un des plus anciens champignons comestibles. Il est tr\u00e8s souvent utilis\u00e9 dans la pr\u00e9paration de plats asiatiques. Des rapports indiquent que le champignon aurait \u00e9t\u00e9 cultiv\u00e9 en Chine il y a environ 1500 ans pour r\u00e9pondre \u00e0 la forte demande locale. Mais l\u2019utilisation de l\u2019auricularia pour am\u00e9liorer la sant\u00e9 humaine est \u00e9galement une tradition s\u00e9culaire. Ce champignon vital est d\u00e9crit en d\u00e9tail dans la litt\u00e9rature sp\u00e9cialis\u00e9e et il existe de nombreuses \u00e9tudes sur ses composants.<\/p>\n","protected":false},"excerpt":{"rendered":"<p>G\u00e9lules Auricularia bio<br \/>\nContenu\u00a0: 65 g<br \/>\n(130 g\u00e9lules \u00e0 500 mg)<\/p>\n<p><em>Produit suffisant pour 30 jours<\/em><\/p>\n","protected":false},"author":240,"featured_media":34030,"comment_status":"open","ping_status":"closed","template":"","meta":{"_coblocks_attr":"","_coblocks_dimensions":"","_coblocks_responsive_height":"","_coblocks_accordion_ie_support":""},"product_brand":[],"product_cat":[74,119],"product_tag":[],"class_list":{"0":"post-26551","1":"product","2":"type-product","3":"status-publish","4":"has-post-thumbnail","6":"product_cat-auricularia-fr","7":"product_cat-preparations-a-base-dun-seul-champignon","8":"sales-flash-overlay","9":"woocommerce-text-align-center","10":"woocommerce-image-align-center","11":"do-quantity-buttons","13":"first","14":"instock","15":"taxable","16":"shipping-taxable","17":"purchasable","18":"product-type-simple"},"_links":{"self":[{"href":"https:\/\/www.mykoplan.ch\/fr\/wp-json\/wp\/v2\/product\/26551","targetHints":{"allow":["GET"]}}],"collection":[{"href":"https:\/\/www.mykoplan.ch\/fr\/wp-json\/wp\/v2\/product"}],"about":[{"href":"https:\/\/www.mykoplan.ch\/fr\/wp-json\/wp\/v2\/types\/product"}],"author":[{"embeddable":true,"href":"https:\/\/www.mykoplan.ch\/fr\/wp-json\/wp\/v2\/users\/240"}],"replies":[{"embeddable":true,"href":"https:\/\/www.mykoplan.ch\/fr\/wp-json\/wp\/v2\/comments?post=26551"}],"wp:featuredmedia":[{"embeddable":true,"href":"https:\/\/www.mykoplan.ch\/fr\/wp-json\/wp\/v2\/media\/34030"}],"wp:attachment":[{"href":"https:\/\/www.mykoplan.ch\/fr\/wp-json\/wp\/v2\/media?parent=26551"}],"wp:term":[{"taxonomy":"product_brand","embeddable":true,"href":"https:\/\/www.mykoplan.ch\/fr\/wp-json\/wp\/v2\/product_brand?post=26551"},{"taxonomy":"product_cat","embeddable":true,"href":"https:\/\/www.mykoplan.ch\/fr\/wp-json\/wp\/v2\/product_cat?post=26551"},{"taxonomy":"product_tag","embeddable":true,"href":"https:\/\/www.mykoplan.ch\/fr\/wp-json\/wp\/v2\/product_tag?post=26551"}],"curies":[{"name":"wp","href":"https:\/\/api.w.org\/{rel}","templated":true}]}}