{"id":40791,"date":"2026-05-01T09:42:54","date_gmt":"2026-05-01T07:42:54","guid":{"rendered":"https:\/\/www.mykoplan.ch\/?page_id=40791"},"modified":"2026-05-01T16:14:17","modified_gmt":"2026-05-01T14:14:17","slug":"extraits-liquides-biologiques","status":"publish","type":"page","link":"https:\/\/www.mykoplan.ch\/fr\/extraits-liquides-biologiques\/","title":{"rendered":"Extraits liquides biologiques"},"content":{"rendered":"\n<h2 class=\"wp-block-heading\">Extraits liquides biologiques &#8211; Qualit\u00e9 made in Switzerland<\/h2>\n\n\n\n<p>Avec notre exigence de durabilit\u00e9 et un ancrage r\u00e9gional fort, nous ouvrons de nouvelles voies. Pour les extraits liquides biologiques, nous utilisons des champignons vitaux cultiv\u00e9s en Suisse. Au c\u0153ur des Alpes, nos champignons vitaux bio Reishi, Hericium et Shiitake poussent dans les meilleures conditions. Ils se d\u00e9veloppent sur un substrat de champignons bio que nous fabriquons nous-m\u00eames, dans des locaux modernes de production et b\u00e9n\u00e9ficient ainsi de conditions id\u00e9ales.<\/p>\n\n\n\n<p><strong>Les champignons vitaux bio Mykoplan\u00ae &#8211; Aussi originaux et traditionnels que la Suisse.<\/strong><br><strong>D\u00e9sormais disponibles sous forme d\u2019extraits liquides bio de la plus haute qualit\u00e9.<\/strong><\/p>\n\n\n\n<div style=\"height:30px\" aria-hidden=\"true\" class=\"wp-block-spacer\"><\/div>\n\n\n\n<div class=\"wp-block-stackable-columns stk-block-columns stk-block stk-f403f2a\" data-block-id=\"f403f2a\"><style>.stk-f403f2a {margin-bottom:0px !important;}<\/style><div class=\"stk-row stk-inner-blocks stk-block-content stk-content-align stk-f403f2a-column\">\n<div class=\"wp-block-stackable-column stk-block-column stk-column stk-block stk-09a3921\" data-v=\"4\" data-block-id=\"09a3921\"><div class=\"stk-column-wrapper stk-block-column__content stk-container stk-09a3921-container stk--no-background stk--no-padding\"><div class=\"stk-block-content stk-inner-blocks stk-09a3921-inner-blocks\">\n<h3 class=\"wp-block-heading has-text-align-center\">Bio Reishi<br>Ganoderma lucidum<\/h3>\n\n\n<div class=\"wp-block-image\">\n<figure class=\"aligncenter size-full has-lightbox\" id=\"metabolic-support-br-mp-90\"><a href=\"https:\/\/www.mykoplan.at\/shop\/bio-fluessigextrakte\/bio-reishi-ganoderma-lucidum-fluessigextrakt-dualextraktion-forte\/\" rel=\"noopener\"><img decoding=\"async\" src=\"https:\/\/www.mykoplan.ch\/wp-content\/uploads\/2026\/04\/mykoplan_VFE_Reishi.jpg\" alt=\"\" class=\"wp-image-38052\" style=\"object-fit:cover\"\/><\/a><\/figure>\n<\/div><\/div><\/div><\/div>\n\n\n\n<div class=\"wp-block-stackable-column stk-block-column stk-column stk-block stk-ca2acab\" data-v=\"4\" data-block-id=\"ca2acab\"><div class=\"stk-column-wrapper stk-block-column__content stk-container stk-ca2acab-container stk--no-background stk--no-padding\"><div class=\"stk-block-content stk-inner-blocks stk-ca2acab-inner-blocks\">\n<h3 class=\"wp-block-heading has-text-align-center\">Bio<br>Hericium<br>erinaceus<\/h3>\n\n\n<div class=\"wp-block-image\">\n<figure class=\"aligncenter size-full has-lightbox\" id=\"metabolic-support-br-mp-90\"><a href=\"https:\/\/www.mykoplan.at\/shop\/bio-fluessigextrakte\/bio-hericium-erinaceus-fluessigextrakt-dualextraktion-forte\/\" rel=\"noopener\"><img decoding=\"async\" src=\"https:\/\/www.mykoplan.ch\/wp-content\/uploads\/2026\/04\/mykoplan_VFE_Hericium.jpg\" alt=\"\" class=\"wp-image-38048\" style=\"object-fit:cover\"\/><\/a><\/figure>\n<\/div><\/div><\/div><\/div>\n\n\n\n<div class=\"wp-block-stackable-column stk-block-column stk-column stk-block stk-2e4bfdd\" data-v=\"4\" data-block-id=\"2e4bfdd\"><div class=\"stk-column-wrapper stk-block-column__content stk-container stk-2e4bfdd-container stk--no-background stk--no-padding\"><div class=\"stk-block-content stk-inner-blocks stk-2e4bfdd-inner-blocks\">\n<h3 class=\"wp-block-heading has-text-align-center\">Bio Shiitake<br>Lentinula<br>edodes<\/h3>\n\n\n<div class=\"wp-block-image\">\n<figure class=\"aligncenter size-full has-lightbox\" id=\"metabolic-support-br-mp-90\"><a href=\"https:\/\/www.mykoplan.at\/shop\/bio-fluessigextrakte\/bio-shiitake-lentinula-edodes-fluessigextrakt-dualextraktion-forte\/\" rel=\"noopener\"><img decoding=\"async\" src=\"https:\/\/www.mykoplan.ch\/wp-content\/uploads\/2026\/04\/mykoplan_VFE_Shiitake.jpg\" alt=\"\" class=\"wp-image-38054\" style=\"object-fit:cover\"\/><\/a><\/figure>\n<\/div><\/div><\/div><\/div>\n\n\n\n<div class=\"wp-block-stackable-column stk-block-column stk-column stk-block stk-86360b7\" data-v=\"4\" data-block-id=\"86360b7\"><div class=\"stk-column-wrapper stk-block-column__content stk-container stk-86360b7-container stk--no-background stk--no-padding\"><div class=\"stk-block-content stk-inner-blocks stk-86360b7-inner-blocks\">\n<h3 class=\"wp-block-heading has-text-align-center\">Bio<br>Kindersirup<\/h3>\n\n\n\n<div style=\"height:30px\" aria-hidden=\"true\" class=\"wp-block-spacer\"><\/div>\n\n\n<div class=\"wp-block-image\">\n<figure class=\"aligncenter size-full has-lightbox\" id=\"metabolic-support-br-mp-90\"><a href=\"https:\/\/www.mykoplan.at\/shop\/bio-fluessigextrakte\/bio-kindersirup-fluessigextrakt-dualextraktion-forte\/\" rel=\"noopener\"><img decoding=\"async\" src=\"https:\/\/www.mykoplan.ch\/wp-content\/uploads\/2026\/04\/mykoplan_VFE_Kindersirup.jpg\" alt=\"\" class=\"wp-image-38050\" style=\"object-fit:cover\"\/><\/a><\/figure>\n<\/div><\/div><\/div><\/div>\n<\/div><\/div>\n\n\n\n<div class=\"wp-block-stackable-button-group stk-block-button-group stk-block stk-624d595\" data-block-id=\"624d595\"><div class=\"stk-row stk-inner-blocks has-text-align-center stk-block-content stk-button-group\">\n<div class=\"wp-block-stackable-button stk-block-button is-style-link stk-block stk-0ba92fb\" data-block-id=\"0ba92fb\"><a class=\"stk-link stk-button stk--hover-effect-darken\" href=\"https:\/\/www.mykoplan.at\/fr\/boutique\/\" rel=\"noopener\"><span class=\"stk-button__inner-text\">Boutique<\/span><\/a><\/div>\n<\/div><\/div>\n\n\n\n<div style=\"height:30px\" aria-hidden=\"true\" class=\"wp-block-spacer\"><\/div>\n\n\n\n<h3 class=\"wp-block-heading\">Avantages des extraits liquides<\/h3>\n\n\n\n<p>Les extraits liquides sont parfaits si vous avez du mal \u00e0 avaler des g\u00e9lules ou si les g\u00e9lules en poudre classiques vous causent des probl\u00e8mes digestifs. Ils conviennent particuli\u00e8rement aux enfants et aux animaux qui ont du mal \u00e0 avaler des g\u00e9lules. Leur utilisation est simplifi\u00e9e, car le produit ne doit \u00eatre pris qu&rsquo;une fois par jour.<\/p>\n\n\n\n<div style=\"height:100px\" aria-hidden=\"true\" class=\"wp-block-spacer\"><\/div>\n\n\n\n<div class=\"wp-block-stackable-image alignfull stk-block-image stk-block stk-9847457\" data-block-id=\"9847457\"><figure><span class=\"stk-img-wrapper stk-image--shape-stretch\"><img loading=\"lazy\" decoding=\"async\" class=\"stk-img wp-image-38056\" src=\"https:\/\/www.mykoplan.ch\/wp-content\/uploads\/2026\/04\/mykoplan-vfe-web-2.jpg\" width=\"2500\" height=\"1875\"\/><\/span><\/figure><\/div>\n\n\n\n<div style=\"height:100px\" aria-hidden=\"true\" class=\"wp-block-spacer\"><\/div>\n\n\n\n<h1 class=\"wp-block-heading\">Extraits liquides biologiques &#8211; Qualit\u00e9 made in Switzerland<\/h1>\n\n\n\n<div style=\"height:30px\" aria-hidden=\"true\" class=\"wp-block-spacer\"><\/div>\n\n\n\n<h2 class=\"wp-block-heading\">Innovation \u00e9galement dans le processus de fabrication<\/h2>\n\n\n\n<p>Nos extraits liquides bio sont fabriqu\u00e9s gr\u00e2ce \u00e0 un proc\u00e9d\u00e9 innovant, sp\u00e9cialement d\u00e9velopp\u00e9 en Suisse. Ce processus unique nous permet d\u2019am\u00e9liorer nos produits et de nous distinguer des autres fournisseurs. Gr\u00e2ce \u00e0 une nouvelle technologie, tous les ingr\u00e9dients organiques et inorganiques ont \u00e9t\u00e9 extraits et concentr\u00e9s en douceur. Et cette caract\u00e9ristique diff\u00e9rencie particuli\u00e8rement nos extraits liquides biologiques.<\/p>\n\n\n\n<p>Outre les pr\u00e9cieux polysaccharides ainsi que les peptidoglycanes, les extraits liquides biologiques renferment de nombreuses autres substances organiques de grande valeur, notamment des acides amin\u00e9s essentiels, des min\u00e9raux, des oligo-\u00e9l\u00e9ments, des triterp\u00e8nes ainsi que des vitamines. Cette m\u00e9thode innovante a permis de cr\u00e9er un produit qui met \u00e0 la disposition de l\u2019organisme l\u2019ensemble des composants des champignons sous une forme liquide hautement concentr\u00e9e, en proposant le meilleur des champignons vitaux bio pour votre sant\u00e9.<\/p>\n\n\n\n<div style=\"height:60px\" aria-hidden=\"true\" class=\"wp-block-spacer\"><\/div>\n\n\n\n<h2 class=\"wp-block-heading\">Double extraction pour un enrichissement optimal des ingr\u00e9dients<\/h2>\n\n\n\n<p>Tous nos champignons vitaux bio Swiss Mountain sont s\u00e9ch\u00e9s en douceur d\u00e8s leur r\u00e9colte et sont d\u2019abord soumis \u00e0 une extraction alcoolique. Nous utilisons de l\u2019\u00e9thanol biologique pur comme agent d\u2019extraction, durant un processus qui dure plusieurs jours. Ensuite, les champignons sont filtr\u00e9s et pr\u00e9par\u00e9s pour l\u2019\u00e9tape suivante de l\u2019extraction. L\u2019alcool de l\u2019extrait s\u2019\u00e9vapore compl\u00e8tement, de telle sorte que le produit final est totalement exempt d\u2019alcool. L\u2019\u00e9tape suivante consiste \u00e0 soumettre le champignon vital bio \u00e0 une extraction douce, effectu\u00e9e \u00e0 l\u2019eau, afin de l\u2019enrichir davantage en ingr\u00e9dients essentiels. Enfin, les deux parts sont m\u00e9lang\u00e9es et homog\u00e9n\u00e9is\u00e9es avec de la glyc\u00e9rine v\u00e9g\u00e9tale bio.<br>La glyc\u00e9rine, une substance b\u00e9n\u00e9fique pour le corps, entoure les mol\u00e9cules de vitamines et de min\u00e9raux, ce qui permet de garantir la qualit\u00e9 \u00e0 long terme. En outre, la glyc\u00e9rine soutient l\u2019absorption des pr\u00e9cieux ingr\u00e9dients et procure aux extraits liquides biologiques Swiss Mountain un go\u00fbt agr\u00e9able.<\/p>\n\n\n\n<div style=\"height:60px\" aria-hidden=\"true\" class=\"wp-block-spacer\"><\/div>\n\n\n\n<h2 class=\"wp-block-heading\">Une production scientifiquement standardis\u00e9e<\/h2>\n\n\n\n<p>Pour que vous puissiez vous fier \u00e0 notre produit de haute qualit\u00e9, tous nos processus de fabrication sont scientifiquement standardis\u00e9s. La s\u00e9lection des mati\u00e8res premi\u00e8res est soumise \u00e0 de rigoureux contr\u00f4les de qualit\u00e9. Nous utilisons exclusivement des champignons vitaux, certifi\u00e9s biologiques, provenant de Suisse. Le processus de fabrication est celui d\u2019une double extraction d\u00e9velopp\u00e9e en Suisse, au cours de laquelle les pr\u00e9cieux ingr\u00e9dients sont enrichis en douceur, \u00e0 partir du champignon entier. Le liquide obtenu est purifi\u00e9 par un syst\u00e8me de filtration \u00e0 plusieurs niveaux dans le but d\u2019\u00e9liminer les particules ind\u00e9sirables et de garantir la puret\u00e9 de l\u2019extrait. Apr\u00e8s cette extraction, l\u2019alcool est int\u00e9gralement \u00e9limin\u00e9, ce qui permet d\u2019obtenir un produit convivial pour le patient, sans alcool, qui convient \u00e9galement aux enfants. L\u2019homog\u00e9n\u00e9isation avec de la glyc\u00e9rine qui intervient ensuite prot\u00e8ge les principes actifs et am\u00e9liore le go\u00fbt. Avec notre proc\u00e9d\u00e9 moderne de double extraction, nous combinons le meilleur de l\u2019usage traditionnel et de la science innovante.<\/p>\n\n\n\n<div style=\"height:60px\" aria-hidden=\"true\" class=\"wp-block-spacer\"><\/div>\n\n\n\n<h2 class=\"wp-block-heading\">Traditions suisses &#8211; Valeurs suisses<\/h2>\n\n\n\n<p>Nos extraits liquides biologiques Swiss Mountain repr\u00e9sentent les traditions et les valeurs suisses. En tant que pionnier suisse des champignons vitaux biologiques, nous souhaitons renforcer le lien avec notre pays d\u2019origine. C\u2019est pour cette raison que nos extraits liquides de haute qualit\u00e9 sont fabriqu\u00e9s \u00e0 partir de champignons vitaux biologiques suisses et trait\u00e9s en Suisse. Avec nos produits, nous contribuons \u00e0 la tradition naturelle typiquement Suisse. Ceci se reconna\u00eet \u00e9galement au caract\u00e8re original du design des produits avec ses motifs traditionnels distinctifs.<\/p>\n\n\n\n<div style=\"height:60px\" aria-hidden=\"true\" class=\"wp-block-spacer\"><\/div>\n","protected":false},"excerpt":{"rendered":"<p>Extraits liquides biologiques &#8211; Qualit\u00e9 made in Switzerland Avec notre exigence de durabilit\u00e9 et un ancrage r\u00e9gional fort, nous ouvrons de nouvelles voies. Pour les extraits liquides biologiques, nous utilisons des champignons vitaux cultiv\u00e9s en Suisse. Au c\u0153ur des Alpes, nos champignons vitaux bio Reishi, Hericium et Shiitake poussent dans les meilleures conditions. Ils se &#8230; <a title=\"Extraits liquides biologiques\" class=\"read-more\" href=\"https:\/\/www.mykoplan.ch\/fr\/extraits-liquides-biologiques\/\" aria-label=\"En savoir plus sur Extraits liquides biologiques\">Lire la suite<\/a><\/p>\n","protected":false},"author":240,"featured_media":0,"parent":0,"menu_order":0,"comment_status":"closed","ping_status":"closed","template":"","meta":{"_coblocks_attr":"","_coblocks_dimensions":"","_coblocks_responsive_height":"","_coblocks_accordion_ie_support":"","footnotes":""},"class_list":["post-40791","page","type-page","status-publish"],"_links":{"self":[{"href":"https:\/\/www.mykoplan.ch\/fr\/wp-json\/wp\/v2\/pages\/40791","targetHints":{"allow":["GET"]}}],"collection":[{"href":"https:\/\/www.mykoplan.ch\/fr\/wp-json\/wp\/v2\/pages"}],"about":[{"href":"https:\/\/www.mykoplan.ch\/fr\/wp-json\/wp\/v2\/types\/page"}],"author":[{"embeddable":true,"href":"https:\/\/www.mykoplan.ch\/fr\/wp-json\/wp\/v2\/users\/240"}],"replies":[{"embeddable":true,"href":"https:\/\/www.mykoplan.ch\/fr\/wp-json\/wp\/v2\/comments?post=40791"}],"version-history":[{"count":1,"href":"https:\/\/www.mykoplan.ch\/fr\/wp-json\/wp\/v2\/pages\/40791\/revisions"}],"predecessor-version":[{"id":40795,"href":"https:\/\/www.mykoplan.ch\/fr\/wp-json\/wp\/v2\/pages\/40791\/revisions\/40795"}],"wp:attachment":[{"href":"https:\/\/www.mykoplan.ch\/fr\/wp-json\/wp\/v2\/media?parent=40791"}],"curies":[{"name":"wp","href":"https:\/\/api.w.org\/{rel}","templated":true}]}}