{"id":26479,"date":"2018-06-26T15:45:27","date_gmt":"2018-06-26T13:45:27","guid":{"rendered":"https:\/\/www.mykoplan.ch\/?page_id=26479"},"modified":"2024-07-04T16:36:48","modified_gmt":"2024-07-04T14:36:48","slug":"declaration-de-confidentialite","status":"publish","type":"page","link":"https:\/\/www.mykoplan.ch\/fr\/declaration-de-confidentialite\/","title":{"rendered":"D\u00e9claration de confidentialit\u00e9"},"content":{"rendered":"\n<h2 class=\"wp-block-heading\">Liens vers et depuis d\u2019autres sites Web \/ contenus de tiers<\/h2>\n\n\n\n<p>Le site web www.mykoplan.ch contient des liens vers des sites Web externes, dont la visite est \u00e0 vos risques et p\u00e9rils. L\u2019exploitant de ces sites externes ou de ces liens est seul responsable de leur contenu, de leurs produits, de leurs services et de leurs autres offres. Mykoplan\u00ae Vitalpilze Schweiz AG d\u00e9cline toute responsabilit\u00e9 \u00e0 cet \u00e9gard et dans ce contexte.<\/p>\n\n\n\n<h2 class=\"wp-block-heading\">Protection des donn\u00e9es et traitement des donn\u00e9es personnelles<\/h2>\n\n\n\n<p>En r\u00e8gle g\u00e9n\u00e9rale, vous pouvez consulter le site Web de Mykoplan\u00ae Vitalpilze Schweiz AG sans fournir de donn\u00e9es personnelles. Aucune donn\u00e9e personnelle n\u2019est enregistr\u00e9e automatiquement. Les donn\u00e9es d\u2019acc\u00e8s anonymes sont enregistr\u00e9es pour la collecte de statistiques sur les utilisateurs sur la base des fichiers journaux du serveur.<\/p>\n\n\n\n<p><strong>Utilisation des donn\u00e9es du formulaire de contact :<br><\/strong>Les donn\u00e9es du formulaire de contact nous sont transmises par e-mail. Nous les utilisons bien entendu uniquement pour vous donner une r\u00e9ponse \u00e0 votre demande et ne les transmettons pas \u00e0 des tiers.<\/p>\n\n\n\n<p><strong>Utilisation des donn\u00e9es de la boutique en ligne :<\/strong><br>Mykoplan\u00ae Vitalpilze Schweiz AG utilise les donn\u00e9es personnelles qui lui sont transmises par les clients uniquement dans le cadre de l\u2019ex\u00e9cution du contrat ainsi qu\u2019\u00e0 des fins publicitaires. Aucun autre traitement des donn\u00e9es fournies n\u2019est effectu\u00e9. Le client accepte que Mykoplan\u00ae Vitalpilze Schweiz AG puisse saisir et traiter les donn\u00e9es qu\u2019il lui a transmises.<\/p>\n\n\n\n<p>Mykoplan\u00ae Vitalpilze Schweiz AG ne transmet les donn\u00e9es des clients \u00e0 des tiers que si cela est n\u00e9cessaire \u00e0 l\u2019ex\u00e9cution du contrat. En outre, les donn\u00e9es clients ne sont pas transmises \u00e0 des tiers.<\/p>\n\n\n\n<h2 class=\"wp-block-heading\">Les cookies :<\/h2>\n\n\n\n<p>Nous utilisons des cookies sur ce site. Les cookies sont de petites unit\u00e9s d\u2019information qu\u2019un site Web envoie au navigateur Web de votre ordinateur lorsque vous visitez un site Web. Les cookies sont stock\u00e9s sur votre ordinateur pour une dur\u00e9e d\u00e9termin\u00e9e, en fonction de la date d\u2019expiration du cookie. Pour en savoir plus sur les cookies, rendez-vous sur <a title=\"http:\/\/www.allaboutcookies.org\/\" href=\"http:\/\/www.allaboutcookies.org\/\" target=\"_blank\" rel=\"noopener noreferrer\">http:\/\/www.allaboutcookies.org\/<\/a>.<br>En utilisant notre site Web, vous acceptez le placement de cookies sur votre appareil.<\/p>\n\n\n\n<h2 class=\"wp-block-heading\">Cryptage SSL<\/h2>\n\n\n\n<p>Ce site utilise un cryptage SSL pour des raisons de s\u00e9curit\u00e9 et pour prot\u00e9ger la transmission de contenus confidentiels, tels que les demandes que vous nous envoyez en tant qu\u2019op\u00e9rateur du site. Vous pouvez reconna\u00eetre une connexion crypt\u00e9e au fait que la ligne d\u2019adresse du navigateur passe de http:\/\/ \u00e0 https:\/\/ et au symbole du cadenas qui appara\u00eet dans la ligne de votre navigateur. Si le cryptage SSL est activ\u00e9, les donn\u00e9es que vous nous transmettez ne peuvent pas \u00eatre lues par des tiers.<\/p>\n\n\n\n<h2 class=\"wp-block-heading\">MailChimp<\/h2>\n\n\n\n<p>L\u2019envoi de la lettre d\u2019information est effectu\u00e9 au moyen de MailChimp, une plateforme d\u2019envoi de lettres d\u2019information du fournisseur am\u00e9ricain Rocket Science Group, LLC, 675 Ponce De Leon Ave NE #5000, Atlanta, GA 30308, \u00c9tats-Unis. Les adresses e-mail de nos destinataires de la lettre d\u2019information, ainsi que leurs autres donn\u00e9es d\u00e9crites dans le cadre de cette notice, sont stock\u00e9es sur les serveurs de MailChimp aux \u00c9tats-Unis. MailChimp utilise ces informations pour l\u2019envoi et l\u2019\u00e9valuation de la lettre d\u2019information en notre nom. En outre, selon ses propres informations, MailChimp peut utiliser ces donn\u00e9es pour optimiser ou am\u00e9liorer ses propres services, par exemple pour optimiser techniquement l\u2019envoi et la pr\u00e9sentation des lettres d\u2019information ou \u00e0 des fins \u00e9conomiques, pour d\u00e9terminer de quels pays proviennent les destinataires.<\/p>\n\n\n\n<p>MailChimp n\u2019utilise cependant pas les donn\u00e9es de nos destinataires de lettres d\u2019information pour les contacter eux-m\u00eames ni pour les transmettre \u00e0 des tiers. Nous faisons confiance \u00e0 la fiabilit\u00e9 et \u00e0 la s\u00e9curit\u00e9 informatique et num\u00e9rique de MailChimp. MailChimp est certifi\u00e9 par l\u2019accord de protection des donn\u00e9es US-UE <a href=\"https:\/\/www.privacyshield.gov\/participant?id=a2zt0000000TO6hAAG\" rel=\"noopener\">Privacy Shield<\/a> et s\u2019engage ainsi \u00e0 respecter les directives de protection des donn\u00e9es de l\u2019UE. En outre, nous avons conclu un \u00abaccord de traitement des donn\u00e9es\u00bb (<a href=\"http:\/\/mailchimp.com\/legal\/forms\/data-processing-agreement\/\" rel=\"noopener\">Data-Processing-Agreement<\/a>) avec MailChimp. Il s\u2019agit d\u2019un contrat par lequel MailChimp s\u2019engage \u00e0 prot\u00e9ger les donn\u00e9es de nos utilisateurs, \u00e0 les traiter en notre nom conform\u00e9ment \u00e0 sa politique de confidentialit\u00e9 et, en particulier, \u00e0 ne pas les transmettre \u00e0 des tiers. Vous pouvez consulter la <a href=\"http:\/\/mailchimp.com\/legal\/privacy\/\" rel=\"noopener\">politique de confidentialit\u00e9 de MailChimp ici<\/a>.<\/p>\n\n\n\n<h3 class=\"wp-block-heading\"><span id=\"Statistische_Erhebung_und_Analysen\">Collecte et analyse statistiques<\/span><\/h3>\n\n\n\n<p>Les lettres d\u2019information contiennent un \u00abweb-beacon\u00bb, c\u2019est-\u00e0-dire un fichier de la taille d\u2019un pixel qui est appel\u00e9 par le serveur de MailChimp \u00e0 l\u2019ouverture de la lettre d\u2019information. Dans le cadre de cette r\u00e9cup\u00e9ration, des informations techniques, telles que des informations sur le navigateur et votre syst\u00e8me, ainsi que votre adresse IP et l\u2019heure de la r\u00e9cup\u00e9ration sont d\u2019abord collect\u00e9es. Ces informations sont utilis\u00e9es pour l\u2019am\u00e9lioration technique des services, \u00e0 l\u2019aide des donn\u00e9es techniques ou des groupes cibles et de leur comportement de lecture, \u00e0 l\u2019aide de leurs lieux de consultation (qui peuvent \u00eatre d\u00e9termin\u00e9s au moyen de l\u2019adresse IP) ou des heures d\u2019acc\u00e8s.<\/p>\n\n\n\n<p>Les relev\u00e9s statistiques comprennent \u00e9galement la d\u00e9termination de l\u2019ouverture des lettres d\u2019information, du moment de l\u2019ouverture et des liens cliqu\u00e9s. Pour des raisons techniques, ces informations peuvent effectivement \u00eatre attribu\u00e9es aux diff\u00e9rents destinataires de la lettre d\u2019information. Cependant, ni nous ni MailChimp n\u2019avons l\u2019intention d\u2019observer les utilisateurs individuels. Les \u00e9valuations nous servent bien davantage \u00e0 identifier les habitudes de lecture de nos utilisateurs et \u00e0 adapter notre contenu \u00e0 celles-ci ou \u00e0 envoyer des contenus diff\u00e9rents en fonction des int\u00e9r\u00eats de nos utilisateurs.<\/p>\n\n\n\n<h3 class=\"wp-block-heading\">R\u00e9siliation \/ R\u00e9vocation<\/h3>\n\n\n\n<p>Vous pouvez \u00e0 tout moment r\u00e9silier la r\u00e9ception de notre lettre d\u2019information, c\u2019est-\u00e0-dire r\u00e9voquer vos consentements. Vos consentements \u00e0 l\u2019envoi de la lettre d\u2019information via MailChimp et \u00e0 l\u2019analyse statistique seront alors annul\u00e9s. Il n\u2019est malheureusement pas possible de r\u00e9voquer s\u00e9par\u00e9ment l\u2019envoi via MailChimp ou l\u2019analyse statistique. Vous trouverez un lien pour vous d\u00e9sabonner de la lettre d\u2019information \u00e0 la fin de chacune d\u2019entre elles.<\/p>\n\n\n\n<h3 class=\"wp-block-heading\">Bases juridiques du r\u00e8glement g\u00e9n\u00e9ral sur la protection des donn\u00e9es<\/h3>\n\n\n\n<p>Conform\u00e9ment aux dispositions du r\u00e8glement g\u00e9n\u00e9ral sur la protection des donn\u00e9es (RGPD) en vigueur depuis le 25 mai 2018, nous vous informons que les consentements \u00e0 l\u2019envoi des adresses e-mail sont fond\u00e9s sur l\u2019article 6, paragraphe 1, point a, et l\u2019article 7, paragraphe 2, point 3, ou paragraphe 3, de la loi sur la concurrence d\u00e9loyale (UWG). L\u2019utilisation du prestataire de services d\u2019envoi MailChimp, la r\u00e9alisation de relev\u00e9s statistiques et d\u2019analyses ainsi que l\u2019enregistrement de la proc\u00e9dure d\u2019inscription sont bas\u00e9s sur nos int\u00e9r\u00eats l\u00e9gitimes conform\u00e9ment \u00e0 l\u2019article 6, paragraphe 1, point f du RGPD. Notre int\u00e9r\u00eat est d\u2019utiliser un syst\u00e8me de lettre d\u2019information convivial et s\u00fbr qui serve nos int\u00e9r\u00eats commerciaux et r\u00e9ponde aux attentes des utilisateurs.<\/p>\n\n\n\n<p><em>Remarque sur la lettre d\u2019information selon le <a href=\"https:\/\/drschwenke.de\/mailchimp-newsletter-datenschutz-muster-checkliste\/\" rel=\"noopener\">mod\u00e8le de l\u2019avocat Ma\u00eetre Dr. Thomas Schwenke<\/a><\/em><\/p>\n\n\n\n<h2 class=\"wp-block-heading\">Droits d\u2019auteur<\/h2>\n\n\n\n<p>Les droits d\u2019auteur et tous les autres droits li\u00e9s aux contenus, images, photos ou autres fichiers pr\u00e9sents sur le site Internet appartiennent exclusivement \u00e0 Mykoplan\u00ae Vitalpilze Schweiz AG ou aux titulaires de droits sp\u00e9cialement cit\u00e9s. Pour la reproduction de tout \u00e9l\u00e9ment, l\u2019autorisation \u00e9crite des d\u00e9tenteurs des droits d\u2019auteur doit \u00eatre obtenue au pr\u00e9alable.<\/p>\n\n\n\n<h2 class=\"wp-block-heading\">Droit \u00e0 l\u2019information, \u00e0 l\u2019effacement, au blocage<\/h2>\n\n\n\n<p>Vous avez \u00e0 tout moment le droit de recevoir gratuitement des informations sur vos donn\u00e9es personnelles enregistr\u00e9es, sur leur origine et leur destinataire et sur la finalit\u00e9 du traitement de ces donn\u00e9es, ainsi qu\u2019un droit de rectification, de blocage ou de suppression de ces donn\u00e9es. Pour cela, ainsi que pour toute autre question relative aux donn\u00e9es personnelles, vous pouvez nous contacter \u00e0 tout moment \u00e0 l\u2019adresse indiqu\u00e9e dans les mentions l\u00e9gales.<\/p>\n","protected":false},"excerpt":{"rendered":"<p>Liens vers et depuis d\u2019autres sites Web \/ contenus de tiers Le site web www.mykoplan.ch contient des liens vers des sites Web externes, dont la visite est \u00e0 vos risques et p\u00e9rils. L\u2019exploitant de ces sites externes ou de ces liens est seul responsable de leur contenu, de leurs produits, de leurs services et de &#8230; <a title=\"D\u00e9claration de confidentialit\u00e9\" class=\"read-more\" href=\"https:\/\/www.mykoplan.ch\/fr\/declaration-de-confidentialite\/\" aria-label=\"En savoir plus sur D\u00e9claration de confidentialit\u00e9\">Lire la suite<\/a><\/p>\n","protected":false},"author":240,"featured_media":0,"parent":0,"menu_order":0,"comment_status":"closed","ping_status":"closed","template":"","meta":{"_coblocks_attr":"","_coblocks_dimensions":"","_coblocks_responsive_height":"","_coblocks_accordion_ie_support":"","footnotes":""},"class_list":["post-26479","page","type-page","status-publish"],"_links":{"self":[{"href":"https:\/\/www.mykoplan.ch\/fr\/wp-json\/wp\/v2\/pages\/26479","targetHints":{"allow":["GET"]}}],"collection":[{"href":"https:\/\/www.mykoplan.ch\/fr\/wp-json\/wp\/v2\/pages"}],"about":[{"href":"https:\/\/www.mykoplan.ch\/fr\/wp-json\/wp\/v2\/types\/page"}],"author":[{"embeddable":true,"href":"https:\/\/www.mykoplan.ch\/fr\/wp-json\/wp\/v2\/users\/240"}],"replies":[{"embeddable":true,"href":"https:\/\/www.mykoplan.ch\/fr\/wp-json\/wp\/v2\/comments?post=26479"}],"version-history":[{"count":1,"href":"https:\/\/www.mykoplan.ch\/fr\/wp-json\/wp\/v2\/pages\/26479\/revisions"}],"predecessor-version":[{"id":26481,"href":"https:\/\/www.mykoplan.ch\/fr\/wp-json\/wp\/v2\/pages\/26479\/revisions\/26481"}],"wp:attachment":[{"href":"https:\/\/www.mykoplan.ch\/fr\/wp-json\/wp\/v2\/media?parent=26479"}],"curies":[{"name":"wp","href":"https:\/\/api.w.org\/{rel}","templated":true}]}}