{"id":26446,"date":"2022-04-01T10:12:52","date_gmt":"2022-04-01T08:12:52","guid":{"rendered":"https:\/\/www.mykoplan.ch\/?page_id=26446"},"modified":"2025-09-16T11:00:17","modified_gmt":"2025-09-16T09:00:17","slug":"mykopet-care","status":"publish","type":"page","link":"https:\/\/www.mykoplan.ch\/fr\/mykopet-care\/","title":{"rendered":"MYKOPET CARE+"},"content":{"rendered":"\n<h3 class=\"wp-block-heading\">Compl\u00e9ment alimentaire pour chats, chiens et chevaux<\/h3>\n\n\n\n<h2 class=\"wp-block-heading alignwide has-text-align-center\">Sant\u00e9 &#8211; Joie de vivre &#8211; Confiance<\/h2>\n\n\n\n<p>Il ne s\u2019agit rien de moins que de la sant\u00e9 de vos animaux de compagnie. Nos formulations de champignons vitaux MYKOPET sont des compl\u00e9ments alimentaires qui offrent un soutien sp\u00e9cifique \u00e0 la sant\u00e9 et \u00e0 la vitalit\u00e9 de vos animaux \u00e0 long terme.<\/p>\n\n\n\n<p><strong>Pour plus de moments agr\u00e9ables dans la vie, pour plus de joie de vivre de vos prot\u00e9g\u00e9s.<\/strong><\/p>\n\n\n\n<div style=\"height:30px\" aria-hidden=\"true\" class=\"wp-block-spacer\"><\/div>\n\n\n\n<figure class=\"wp-block-image alignwide size-large\"><img loading=\"lazy\" decoding=\"async\" width=\"1200\" height=\"800\" src=\"https:\/\/www.mykoplan.ch\/wp-content\/uploads\/2022\/03\/Mykopet_67973542-1200x800.jpeg\" alt=\"\" class=\"wp-image-12351\" srcset=\"https:\/\/www.mykoplan.ch\/wp-content\/uploads\/2022\/03\/Mykopet_67973542-1200x800.jpeg 1200w, https:\/\/www.mykoplan.ch\/wp-content\/uploads\/2022\/03\/Mykopet_67973542-500x333.jpeg 500w, https:\/\/www.mykoplan.ch\/wp-content\/uploads\/2022\/03\/Mykopet_67973542-768x512.jpeg 768w, https:\/\/www.mykoplan.ch\/wp-content\/uploads\/2022\/03\/Mykopet_67973542-1536x1024.jpeg 1536w, https:\/\/www.mykoplan.ch\/wp-content\/uploads\/2022\/03\/Mykopet_67973542-576x384.jpeg 576w, https:\/\/www.mykoplan.ch\/wp-content\/uploads\/2022\/03\/Mykopet_67973542.jpeg 1620w\" sizes=\"auto, (max-width: 1200px) 100vw, 1200px\" \/><\/figure>\n\n\n\n<div style=\"height:30px\" aria-hidden=\"true\" class=\"wp-block-spacer\"><\/div>\n\n\n\n<div class=\"wp-block-columns alignwide is-layout-flex wp-container-core-columns-is-layout-9d6595d7 wp-block-columns-is-layout-flex\">\n<div class=\"wp-block-column is-layout-flow wp-block-column-is-layout-flow\">\n<figure class=\"wp-block-image size-medium\"><a href=\"https:\/\/www.mykoplan.ch\/wp-content\/uploads\/2022\/05\/Mykopet-Care-1-web.jpeg\"><img loading=\"lazy\" decoding=\"async\" width=\"500\" height=\"333\" src=\"https:\/\/www.mykoplan.ch\/wp-content\/uploads\/2022\/05\/Mykopet-Care-1-web-500x333.jpeg\" alt=\"Mykopet Care\" class=\"wp-image-13120\" srcset=\"https:\/\/www.mykoplan.ch\/wp-content\/uploads\/2022\/05\/Mykopet-Care-1-web-500x333.jpeg 500w, https:\/\/www.mykoplan.ch\/wp-content\/uploads\/2022\/05\/Mykopet-Care-1-web-1200x799.jpeg 1200w, https:\/\/www.mykoplan.ch\/wp-content\/uploads\/2022\/05\/Mykopet-Care-1-web-768x511.jpeg 768w, https:\/\/www.mykoplan.ch\/wp-content\/uploads\/2022\/05\/Mykopet-Care-1-web-1536x1022.jpeg 1536w, https:\/\/www.mykoplan.ch\/wp-content\/uploads\/2022\/05\/Mykopet-Care-1-web-576x383.jpeg 576w, https:\/\/www.mykoplan.ch\/wp-content\/uploads\/2022\/05\/Mykopet-Care-1-web.jpeg 1920w\" sizes=\"auto, (max-width: 500px) 100vw, 500px\" \/><\/a><\/figure>\n<\/div>\n\n\n\n<div class=\"wp-block-column is-layout-flow wp-block-column-is-layout-flow\">\n<figure class=\"wp-block-image size-medium\"><a href=\"https:\/\/www.mykoplan.ch\/wp-content\/uploads\/2022\/05\/Mykopet-Care-2-web.jpeg\"><img loading=\"lazy\" decoding=\"async\" width=\"500\" height=\"333\" src=\"https:\/\/www.mykoplan.ch\/wp-content\/uploads\/2022\/05\/Mykopet-Care-2-web-500x333.jpeg\" alt=\"Mykopet Care\" class=\"wp-image-13121\" srcset=\"https:\/\/www.mykoplan.ch\/wp-content\/uploads\/2022\/05\/Mykopet-Care-2-web-500x333.jpeg 500w, https:\/\/www.mykoplan.ch\/wp-content\/uploads\/2022\/05\/Mykopet-Care-2-web-1200x800.jpeg 1200w, https:\/\/www.mykoplan.ch\/wp-content\/uploads\/2022\/05\/Mykopet-Care-2-web-768x512.jpeg 768w, https:\/\/www.mykoplan.ch\/wp-content\/uploads\/2022\/05\/Mykopet-Care-2-web-1536x1024.jpeg 1536w, https:\/\/www.mykoplan.ch\/wp-content\/uploads\/2022\/05\/Mykopet-Care-2-web-576x384.jpeg 576w, https:\/\/www.mykoplan.ch\/wp-content\/uploads\/2022\/05\/Mykopet-Care-2-web.jpeg 1920w\" sizes=\"auto, (max-width: 500px) 100vw, 500px\" \/><\/a><\/figure>\n<\/div>\n\n\n\n<div class=\"wp-block-column is-layout-flow wp-block-column-is-layout-flow\">\n<figure class=\"wp-block-image size-medium\"><a href=\"https:\/\/www.mykoplan.ch\/wp-content\/uploads\/2022\/05\/Mykopet-Care-3-web.jpeg\"><img loading=\"lazy\" decoding=\"async\" width=\"500\" height=\"333\" src=\"https:\/\/www.mykoplan.ch\/wp-content\/uploads\/2022\/05\/Mykopet-Care-3-web-500x333.jpeg\" alt=\"Mykopet Care\" class=\"wp-image-13122\" srcset=\"https:\/\/www.mykoplan.ch\/wp-content\/uploads\/2022\/05\/Mykopet-Care-3-web-500x333.jpeg 500w, https:\/\/www.mykoplan.ch\/wp-content\/uploads\/2022\/05\/Mykopet-Care-3-web-1200x800.jpeg 1200w, https:\/\/www.mykoplan.ch\/wp-content\/uploads\/2022\/05\/Mykopet-Care-3-web-768x512.jpeg 768w, https:\/\/www.mykoplan.ch\/wp-content\/uploads\/2022\/05\/Mykopet-Care-3-web-1536x1024.jpeg 1536w, https:\/\/www.mykoplan.ch\/wp-content\/uploads\/2022\/05\/Mykopet-Care-3-web-576x384.jpeg 576w, https:\/\/www.mykoplan.ch\/wp-content\/uploads\/2022\/05\/Mykopet-Care-3-web.jpeg 1920w\" sizes=\"auto, (max-width: 500px) 100vw, 500px\" \/><\/a><\/figure>\n<\/div>\n<\/div>\n\n\n\n<p>Les pr\u00e9parations de champignons vitaux MYKOPET sont des produits sp\u00e9ciaux innovants \u00e0 base de champignons vitaux certifi\u00e9s bio combin\u00e9s \u00e0 des substances naturelles et v\u00e9g\u00e9tales de haute qualit\u00e9. Les pr\u00e9parations de champignons vitaux MYKOPET ont \u00e9t\u00e9 d\u00e9velopp\u00e9es par des experts v\u00e9t\u00e9rinaires sp\u00e9cifiquement pour les esp\u00e8ces chat, chien et cheval.<\/p>\n\n\n\n<p><strong>Ces champignons vitaux de haute qualit\u00e9 certifi\u00e9s bio et les substances naturelles et v\u00e9g\u00e9tales sont trait\u00e9s conform\u00e9ment \u00e0 nos normes. Nous garantissons une qualit\u00e9 sup\u00e9rieure gr\u00e2ce \u00e0 des processus d\u00e9finis et \u00e0 une fabrication minutieuse.<\/strong><\/p>\n\n\n\n<div style=\"height:30px\" aria-hidden=\"true\" class=\"wp-block-spacer\"><\/div>\n\n\n<div class=\"wp-block-image is-resized\">\n<figure class=\"aligncenter size-medium\"><img loading=\"lazy\" decoding=\"async\" width=\"390\" height=\"500\" src=\"https:\/\/www.mykoplan.ch\/wp-content\/uploads\/2022\/02\/Mykopet-Logo-Slogan-390x500.jpg\" alt=\"Mykopet Logo Slogan\" class=\"wp-image-11997\" srcset=\"https:\/\/www.mykoplan.ch\/wp-content\/uploads\/2022\/02\/Mykopet-Logo-Slogan-390x500.jpg 390w, https:\/\/www.mykoplan.ch\/wp-content\/uploads\/2022\/02\/Mykopet-Logo-Slogan.jpg 530w\" sizes=\"auto, (max-width: 390px) 100vw, 390px\" \/><\/figure>\n<\/div>\n\n\n<div style=\"height:30px\" aria-hidden=\"true\" class=\"wp-block-spacer\"><\/div>\n\n\n\n<p>La formule de base contient diff\u00e9rents champignons vitaux bio, par exemple Ganoderma lucidum bio, Cordyceps sinensis bio, Agaricus blazei bio ou Hericium erinaceus bio. Ces champignons ont \u00e9t\u00e9 compl\u00e9t\u00e9s par des substances naturelles s\u00e9lectionn\u00e9es comme des prot\u00e9ines (Lactium\u00ae), le chardon-Marie, la chlorella, le Q10, le cassis, l\u2019ac\u00e9rola et le cynorrhodon pour former les pr\u00e9parations de champignons vitaux MYKOPET uniques en leur genre. Les compositions ont \u00e9t\u00e9 adapt\u00e9es aux besoins sp\u00e9cifiques des chats, des chiens et des chevaux en vue de produire une synergie optimale et de les rendre app\u00e9tissantes.<\/p>\n\n\n\n<p>Faites confiance \u00e0 notre longue exp\u00e9rience lorsqu\u2019il s\u2019agit de la sant\u00e9 de vos animaux.<\/p>\n\n\n\n<div class=\"wp-block-buttons is-horizontal is-content-justification-center is-layout-flex wp-container-core-buttons-is-layout-499968f5 wp-block-buttons-is-layout-flex\">\n<div class=\"wp-block-button\"><a class=\"wp-block-button__link wp-element-button\" href=\"https:\/\/www.mykoplan.ch\/fr\/boutique\/\">Vers la boutique<\/a><\/div>\n<\/div>\n\n\n\n<p><\/p>\n","protected":false},"excerpt":{"rendered":"<p>Compl\u00e9ment alimentaire pour chats, chiens et chevaux Sant\u00e9 &#8211; Joie de vivre &#8211; Confiance Il ne s\u2019agit rien de moins que de la sant\u00e9 de vos animaux de compagnie. Nos formulations de champignons vitaux MYKOPET sont des compl\u00e9ments alimentaires qui offrent un soutien sp\u00e9cifique \u00e0 la sant\u00e9 et \u00e0 la vitalit\u00e9 de vos animaux \u00e0 &#8230; <a title=\"MYKOPET CARE+\" class=\"read-more\" href=\"https:\/\/www.mykoplan.ch\/fr\/mykopet-care\/\" aria-label=\"En savoir plus sur MYKOPET CARE+\">Lire la suite<\/a><\/p>\n","protected":false},"author":240,"featured_media":0,"parent":0,"menu_order":0,"comment_status":"closed","ping_status":"closed","template":"","meta":{"_coblocks_attr":"","_coblocks_dimensions":"","_coblocks_responsive_height":"","_coblocks_accordion_ie_support":"","footnotes":""},"class_list":["post-26446","page","type-page","status-publish"],"_links":{"self":[{"href":"https:\/\/www.mykoplan.ch\/fr\/wp-json\/wp\/v2\/pages\/26446","targetHints":{"allow":["GET"]}}],"collection":[{"href":"https:\/\/www.mykoplan.ch\/fr\/wp-json\/wp\/v2\/pages"}],"about":[{"href":"https:\/\/www.mykoplan.ch\/fr\/wp-json\/wp\/v2\/types\/page"}],"author":[{"embeddable":true,"href":"https:\/\/www.mykoplan.ch\/fr\/wp-json\/wp\/v2\/users\/240"}],"replies":[{"embeddable":true,"href":"https:\/\/www.mykoplan.ch\/fr\/wp-json\/wp\/v2\/comments?post=26446"}],"version-history":[{"count":4,"href":"https:\/\/www.mykoplan.ch\/fr\/wp-json\/wp\/v2\/pages\/26446\/revisions"}],"predecessor-version":[{"id":35982,"href":"https:\/\/www.mykoplan.ch\/fr\/wp-json\/wp\/v2\/pages\/26446\/revisions\/35982"}],"wp:attachment":[{"href":"https:\/\/www.mykoplan.ch\/fr\/wp-json\/wp\/v2\/media?parent=26446"}],"curies":[{"name":"wp","href":"https:\/\/api.w.org\/{rel}","templated":true}]}}