{"id":25893,"date":"2018-05-04T11:11:44","date_gmt":"2018-05-04T09:11:44","guid":{"rendered":"https:\/\/www.mykoplan.ch\/panier\/"},"modified":"2024-08-07T10:27:21","modified_gmt":"2024-08-07T08:27:21","slug":"panier","status":"publish","type":"page","link":"https:\/\/www.mykoplan.ch\/fr\/panier\/","title":{"rendered":"Panier"},"content":{"rendered":"\n<div class=\"wp-block-button\"><a class=\"wp-block-button__link wp-element-button\" href=\"https:\/\/www.mykoplan.ch\/fr\/boutique\/\">RETOUR \u00c0 LA BOUTIQUE<\/a><\/div>\n\n\nVeuillez noter que les conditions de commande sp\u00e9ciales, pour les professionnels, ne seront affich\u00e9es dans la boutique en ligne qu\u2019une fois que nous aurons v\u00e9rifi\u00e9 et activ\u00e9 votre compte.<\/p>\n\n","protected":false},"excerpt":{"rendered":"","protected":false},"author":240,"featured_media":0,"parent":0,"menu_order":0,"comment_status":"closed","ping_status":"closed","template":"","meta":{"_coblocks_attr":"","_coblocks_dimensions":"","_coblocks_responsive_height":"","_coblocks_accordion_ie_support":"","footnotes":""},"class_list":["post-25893","page","type-page","status-publish"],"_links":{"self":[{"href":"https:\/\/www.mykoplan.ch\/fr\/wp-json\/wp\/v2\/pages\/25893","targetHints":{"allow":["GET"]}}],"collection":[{"href":"https:\/\/www.mykoplan.ch\/fr\/wp-json\/wp\/v2\/pages"}],"about":[{"href":"https:\/\/www.mykoplan.ch\/fr\/wp-json\/wp\/v2\/types\/page"}],"author":[{"embeddable":true,"href":"https:\/\/www.mykoplan.ch\/fr\/wp-json\/wp\/v2\/users\/240"}],"replies":[{"embeddable":true,"href":"https:\/\/www.mykoplan.ch\/fr\/wp-json\/wp\/v2\/comments?post=25893"}],"version-history":[{"count":2,"href":"https:\/\/www.mykoplan.ch\/fr\/wp-json\/wp\/v2\/pages\/25893\/revisions"}],"predecessor-version":[{"id":27264,"href":"https:\/\/www.mykoplan.ch\/fr\/wp-json\/wp\/v2\/pages\/25893\/revisions\/27264"}],"wp:attachment":[{"href":"https:\/\/www.mykoplan.ch\/fr\/wp-json\/wp\/v2\/media?parent=25893"}],"curies":[{"name":"wp","href":"https:\/\/api.w.org\/{rel}","templated":true}]}}